{"id":386,"date":"2023-11-18T14:12:57","date_gmt":"2023-11-18T14:12:57","guid":{"rendered":"https:\/\/altinolukmakina.com\/?page_id=386"},"modified":"2025-05-07T10:01:53","modified_gmt":"2025-05-07T10:01:53","slug":"iletisim","status":"publish","type":"page","link":"http:\/\/altinolukmakina.com\/en\/contact\/","title":{"rendered":"\u0130leti\u015fim"},"content":{"rendered":"<p>[et_pb_section fb_built=&#8221;1&#8243; admin_label=&#8221;Header&#8221; _builder_version=&#8221;4.23.1&#8243; _module_preset=&#8221;default&#8221; background_color=&#8221;#000000&#8243; use_background_color_gradient=&#8221;on&#8221; background_color_gradient_stops=&#8221;rgba(34,34,34,0) 0%|gcid-1f9b0bb3-481a-49f1-9fe6-999fc3c3182b 100%&#8221; background_color_gradient_overlays_image=&#8221;on&#8221; background_image=&#8221;https:\/\/altinolukmakina.com\/wp-content\/uploads\/2023\/11\/fabrika.webp&#8221; custom_padding=&#8221;90px||90px||true|false&#8221; collapsed=&#8221;on&#8221; global_colors_info=&#8221;{%22gcid-1f9b0bb3-481a-49f1-9fe6-999fc3c3182b%22:%91%22background_color_gradient_stops%22%93}&#8221;][et_pb_row column_structure=&#8221;3_5,2_5&#8243; _builder_version=&#8221;4.20.0&#8243; _module_preset=&#8221;default&#8221; global_colors_info=&#8221;{}&#8221;][et_pb_column type=&#8221;3_5&#8243; _builder_version=&#8221;4.20.0&#8243; _module_preset=&#8221;default&#8221; global_colors_info=&#8221;{}&#8221;][et_pb_text _builder_version=&#8221;4.23.1&#8243; _module_preset=&#8221;0445f95b-ebd6-4ddd-a4c1-5c4944331fa7&#8243; header_text_color=&#8221;gcid-4bb93bbd-88c4-4646-9ecd-3e2e58456eaf&#8221; custom_margin=&#8221;||10px||false|false&#8221; global_colors_info=&#8221;{%22gcid-4bb93bbd-88c4-4646-9ecd-3e2e58456eaf%22:%91%22header_text_color%22%93}&#8221;]<\/p>\n<h1>CONTACT<\/h1>\n<p>[\/et_pb_text][et_pb_text _builder_version=&#8221;4.20.0&#8243; _module_preset=&#8221;f9be91d8-28e7-4c22-b01d-4c04dc6410b5&#8243; text_text_color=&#8221;#FFFFFF&#8221; global_colors_info=&#8221;{}&#8221;]<\/p>\n<p><span>Contact us for your questions or feedback. We value your opinions and look forward to hearing from you.<\/span><\/p>\n<p>[\/et_pb_text][\/et_pb_column][et_pb_column type=&#8221;2_5&#8243; _builder_version=&#8221;4.20.0&#8243; _module_preset=&#8221;default&#8221; global_colors_info=&#8221;{}&#8221;][\/et_pb_column][\/et_pb_row][\/et_pb_section][et_pb_section fb_built=&#8221;1&#8243; admin_label=&#8221;Contact Info&#8221; _builder_version=&#8221;4.20.0&#8243; _module_preset=&#8221;default&#8221; background_color=&#8221;RGBA(255,255,255,0)&#8221; custom_padding=&#8221;0px||||false|false&#8221; collapsed=&#8221;on&#8221; global_colors_info=&#8221;{}&#8221;][et_pb_row column_structure=&#8221;1_3,1_3,1_3&#8243; custom_padding_last_edited=&#8221;on|tablet&#8221; _builder_version=&#8221;4.23.1&#8243; _module_preset=&#8221;default&#8221; background_color=&#8221;#474747&#8243; custom_margin=&#8221;-60px||||false|false&#8221; custom_padding=&#8221;40px|40px|40px|40px|true|true&#8221; custom_padding_tablet=&#8221;30px|30px|30px|30px|true|true&#8221; custom_padding_phone=&#8221;20px|20px|20px|20px|true|true&#8221; border_radii=&#8221;on|5px|5px|5px|5px&#8221; global_colors_info=&#8221;{%22gcid-1f9b0bb3-481a-49f1-9fe6-999fc3c3182b%22:%91%22background_color%22%93}&#8221;][et_pb_column type=&#8221;1_3&#8243; _builder_version=&#8221;4.20.0&#8243; _module_preset=&#8221;default&#8221; global_colors_info=&#8221;{}&#8221;][et_pb_icon font_icon=&#8221;&#xe01f;||divi||400&#8243; _builder_version=&#8221;4.20.0&#8243; _module_preset=&#8221;5b4ae2a0-080a-4f16-9b70-eac9b3ac74ba&#8221; locked=&#8221;off&#8221; global_colors_info=&#8221;{}&#8221;][\/et_pb_icon][et_pb_text _builder_version=&#8221;4.23.1&#8243; _module_preset=&#8221;d0e70dc0-f3d5-4b27-b82d-e983086f4c8a&#8221; header_6_text_color=&#8221;#FFFFFF&#8221; text_orientation=&#8221;center&#8221; custom_margin=&#8221;||0px||false|false&#8221; global_colors_info=&#8221;{}&#8221;]<\/p>\n<h6>Address<\/h6>\n<p>[\/et_pb_text][et_pb_text _builder_version=&#8221;4.23.1&#8243; _module_preset=&#8221;d4de6a7e-bd8b-4988-80bd-a18b54811f8b&#8221; text_text_color=&#8221;#FFFFFF&#8221; link_text_color=&#8221;#FFFFFF&#8221; text_orientation=&#8221;center&#8221; global_colors_info=&#8221;{}&#8221;]<\/p>\n<p>F. \u00c7akmak Mh. Kobisan San Sit. 10762 SK. NO:7 \/ K \u2013 KARATAY \/ KONYA \/ T\u00dcRK\u0130YE<\/p>\n<p>[\/et_pb_text][\/et_pb_column][et_pb_column type=&#8221;1_3&#8243; _builder_version=&#8221;4.20.0&#8243; _module_preset=&#8221;default&#8221; global_colors_info=&#8221;{}&#8221;][et_pb_icon font_icon=&#8221;&#xe00b;||divi||400&#8243; _builder_version=&#8221;4.20.0&#8243; _module_preset=&#8221;5b4ae2a0-080a-4f16-9b70-eac9b3ac74ba&#8221; locked=&#8221;off&#8221; global_colors_info=&#8221;{}&#8221;][\/et_pb_icon][et_pb_text _builder_version=&#8221;4.23.1&#8243; _module_preset=&#8221;d0e70dc0-f3d5-4b27-b82d-e983086f4c8a&#8221; header_6_text_color=&#8221;#FFFFFF&#8221; text_orientation=&#8221;center&#8221; custom_margin=&#8221;||0px||false|false&#8221; global_colors_info=&#8221;{}&#8221;]<\/p>\n<h6>Phone<\/h6>\n<p>[\/et_pb_text][et_pb_text _builder_version=&#8221;4.23.1&#8243; _module_preset=&#8221;d4de6a7e-bd8b-4988-80bd-a18b54811f8b&#8221; text_text_color=&#8221;#FFFFFF&#8221; link_text_color=&#8221;#FFFFFF&#8221; text_orientation=&#8221;center&#8221; global_colors_info=&#8221;{}&#8221;]<\/p>\n<p>+90 332 251 67 17<\/p>\n<p>[\/et_pb_text][\/et_pb_column][et_pb_column type=&#8221;1_3&#8243; _builder_version=&#8221;4.20.0&#8243; _module_preset=&#8221;default&#8221; global_colors_info=&#8221;{}&#8221;][et_pb_icon font_icon=&#8221;&#xe010;||divi||400&#8243; _builder_version=&#8221;4.20.0&#8243; _module_preset=&#8221;5b4ae2a0-080a-4f16-9b70-eac9b3ac74ba&#8221; locked=&#8221;off&#8221; global_colors_info=&#8221;{}&#8221;][\/et_pb_icon][et_pb_text _builder_version=&#8221;4.20.0&#8243; _module_preset=&#8221;d0e70dc0-f3d5-4b27-b82d-e983086f4c8a&#8221; header_6_text_color=&#8221;#FFFFFF&#8221; text_orientation=&#8221;center&#8221; custom_margin=&#8221;||0px||false|false&#8221; global_colors_info=&#8221;{}&#8221;]<\/p>\n<h6>Email<\/h6>\n<p>[\/et_pb_text][et_pb_text _builder_version=&#8221;4.23.1&#8243; _module_preset=&#8221;d4de6a7e-bd8b-4988-80bd-a18b54811f8b&#8221; text_text_color=&#8221;#FFFFFF&#8221; link_text_color=&#8221;#FFFFFF&#8221; text_orientation=&#8221;center&#8221; global_colors_info=&#8221;{}&#8221;]<\/p>\n<p><a href=\"mailto:info@altinolukmakina.com.tr\">info@altinolukmakina.com.tr<\/a><\/p>\n<p><a href=\"mailto:export@altinolukmakina.com.tr\">export@altinolukmakina.com.tr<\/a><\/p>\n<p>[\/et_pb_text][\/et_pb_column][\/et_pb_row][et_pb_row _builder_version=&#8221;4.23.1&#8243; _module_preset=&#8221;default&#8221; global_colors_info=&#8221;{}&#8221;][et_pb_column type=&#8221;4_4&#8243; _builder_version=&#8221;4.23.1&#8243; _module_preset=&#8221;default&#8221; global_colors_info=&#8221;{}&#8221;][et_pb_code _builder_version=&#8221;4.26.1&#8243; _module_preset=&#8221;default&#8221; hover_enabled=&#8221;0&#8243; global_colors_info=&#8221;{}&#8221; sticky_enabled=&#8221;0&#8243;]<iframe src=\"https:\/\/www.google.com\/maps\/embed?pb=!1m18!1m12!1m3!1d467.85768745115485!2d32.554595246478364!3d37.9220470893822!2m3!1f0!2f0!3f0!3m2!1i1024!2i768!4f13.1!3m3!1m2!1s0x14d0910029814c6f%3A0xd20b51e9bc735a44!2sALTINOLUK%20MAK%C4%B0NA%20A.%C5%9E.!5e0!3m2!1str!2str!4v1746612076029!5m2!1str!2str\" width=\"100%\" height=\"600\" style=\"border:0;\" allowfullscreen=\"\" loading=\"lazy\" referrerpolicy=\"no-referrer-when-downgrade\"><\/iframe>[\/et_pb_code][\/et_pb_column][\/et_pb_row][\/et_pb_section]<\/p>","protected":false},"excerpt":{"rendered":"<p>\u0130LET\u0130\u015e\u0130MSorular\u0131n\u0131z veya g\u00f6r\u00fc\u015fleriniz i\u00e7in bize ula\u015f\u0131n. G\u00f6r\u00fc\u015flerinize de\u011fer veriyor ve sizden haber almak i\u00e7in sab\u0131rs\u0131zlan\u0131yoruz.AdresF. \u00c7akmak Mh. Kobisan San Sit. 10762 SK. NO:7 \/ K \u2013 KARATAY \/ KONYA \/ T\u00dcRK\u0130YETELEFON+90 332 251 67 17Emailinfo@altinolukmakina.com.tr export@altinolukmakina.com.tr<\/p>","protected":false},"author":1,"featured_media":0,"parent":0,"menu_order":0,"comment_status":"closed","ping_status":"closed","template":"","meta":{"_et_pb_use_builder":"on","_et_pb_old_content":"<!-- wp:divi\/placeholder \/-->","_et_gb_content_width":"","footnotes":""},"class_list":["post-386","page","type-page","status-publish","hentry"],"acf":[],"_links":{"self":[{"href":"http:\/\/altinolukmakina.com\/en\/wp-json\/wp\/v2\/pages\/386","targetHints":{"allow":["GET"]}}],"collection":[{"href":"http:\/\/altinolukmakina.com\/en\/wp-json\/wp\/v2\/pages"}],"about":[{"href":"http:\/\/altinolukmakina.com\/en\/wp-json\/wp\/v2\/types\/page"}],"author":[{"embeddable":true,"href":"http:\/\/altinolukmakina.com\/en\/wp-json\/wp\/v2\/users\/1"}],"replies":[{"embeddable":true,"href":"http:\/\/altinolukmakina.com\/en\/wp-json\/wp\/v2\/comments?post=386"}],"version-history":[{"count":7,"href":"http:\/\/altinolukmakina.com\/en\/wp-json\/wp\/v2\/pages\/386\/revisions"}],"predecessor-version":[{"id":475,"href":"http:\/\/altinolukmakina.com\/en\/wp-json\/wp\/v2\/pages\/386\/revisions\/475"}],"wp:attachment":[{"href":"http:\/\/altinolukmakina.com\/en\/wp-json\/wp\/v2\/media?parent=386"}],"curies":[{"name":"wp","href":"https:\/\/api.w.org\/{rel}","templated":true}]}}