{"id":122,"date":"2023-11-16T11:46:35","date_gmt":"2023-11-16T11:46:35","guid":{"rendered":"https:\/\/altinolukmakina.com\/?page_id=122"},"modified":"2024-09-20T00:23:41","modified_gmt":"2024-09-20T00:23:41","slug":"ana-sayfa","status":"publish","type":"page","link":"https:\/\/altinolukmakina.com\/en\/","title":{"rendered":"Ana Sayfa"},"content":{"rendered":"<p>[et_pb_section fb_built=&#8221;1&#8243; _builder_version=&#8221;4.26.1&#8243; _module_preset=&#8221;default&#8221; use_background_color_gradient=&#8221;on&#8221; background_image=&#8221;https:\/\/altinolukmakina.com\/wp-content\/uploads\/2024\/09\/d1-scaled.jpg&#8221; custom_padding=&#8221;||54px|||&#8221; hover_enabled=&#8221;0&#8243; global_colors_info=&#8221;{}&#8221; custom_margin=&#8221;||-11px|||&#8221; min_height=&#8221;1086.4px&#8221; sticky_enabled=&#8221;0&#8243;][\/et_pb_section][et_pb_section fb_built=&#8221;1&#8243; _builder_version=&#8221;4.23.1&#8243; _module_preset=&#8221;default&#8221; background_color=&#8221;#000000&#8243; min_height=&#8221;410px&#8221; min_height_tablet=&#8221;750px&#8221; min_height_phone=&#8221;533px&#8221; min_height_last_edited=&#8221;on|phone&#8221; global_colors_info=&#8221;{}&#8221; custom_padding=&#8221;1px||3px|||&#8221;][et_pb_row column_structure=&#8221;1_4,1_4,1_4,1_4&#8243; use_custom_gutter=&#8221;on&#8221; gutter_width=&#8221;2&#8243; make_equal=&#8221;on&#8221; module_class=&#8221;two-col-mob&#8221; _builder_version=&#8221;4.23.1&#8243; _module_preset=&#8221;default&#8221; custom_margin=&#8221;||||false|false&#8221; global_colors_info=&#8221;{}&#8221;][et_pb_column type=&#8221;1_4&#8243; _builder_version=&#8221;4.23.1&#8243; _module_preset=&#8221;default&#8221; global_colors_info=&#8221;{}&#8221;][et_pb_button button_url=&#8221;https:\/\/altinolukmakina.com\/tr\/product-category\/firin-grubu\/&#8221; button_text=&#8221;\u00dcR\u00dcNLER\u0130 G\u00d6R&#8221; _builder_version=&#8221;4.23.1&#8243; _module_preset=&#8221;default&#8221; custom_button=&#8221;on&#8221; button_text_color=&#8221;#FFFFFF&#8221; button_border_width=&#8221;1px&#8221; button_letter_spacing=&#8221;4px&#8221; button_font=&#8221;Barlow||||||||&#8221; positioning=&#8221;absolute&#8221; vertical_offset=&#8221;466px&#8221; horizontal_offset=&#8221;56px&#8221; z_index=&#8221;999&#8243; vertical_offset_tablet=&#8221;466px&#8221; vertical_offset_phone=&#8221;372px&#8221; vertical_offset_last_edited=&#8221;on|phone&#8221; hover_enabled=&#8221;0&#8243; global_colors_info=&#8221;{}&#8221; sticky_enabled=&#8221;0&#8243; custom_margin=&#8221;|-549px||||&#8221; custom_padding=&#8221;|0px||||&#8221;][\/et_pb_button][et_pb_blurb title=&#8221;FIRIN GRUBU&#8221; url=&#8221;https:\/\/altinolukmakina.com\/tr\/product-category\/firin-grubu\/&#8221; image=&#8221;https:\/\/altinolukmakina.com\/wp-content\/uploads\/2023\/11\/bread_3348053.png&#8221; content_tablet=&#8221;<\/p>\n<p style=\"%22text-align:\" center;%22><span>Designed with modern technology and engineering expertise, industrial ovens enhance efficiency in customers' dough and bread production.<\/span><\/p>\n<p>&#8221; content_phone=&#8221;&#8221; content_last_edited=&#8221;on|phone&#8221; content_max_width_tablet=&#8221;&#8221; content_max_width_phone=&#8221;&#8221; content_max_width_last_edited=&#8221;on|phone&#8221; _builder_version=&#8221;4.23.1&#8243; _module_preset=&#8221;default&#8221; header_font=&#8221;Barlow Condensed|800|||||||&#8221; header_text_align=&#8221;center&#8221; header_text_color=&#8221;#000000&#8243; header_font_size=&#8221;50px&#8221; background_color=&#8221;#f2f2f2&#8243; min_height_tablet=&#8221;&#8221; min_height_phone=&#8221;&#8221; min_height_last_edited=&#8221;on|phone&#8221; custom_margin=&#8221;-165px||||false|false&#8221; custom_padding=&#8221;|20px|14px|20px|false|true&#8221; header_font_size_tablet=&#8221;55px&#8221; header_font_size_phone=&#8221;30px&#8221; header_font_size_last_edited=&#8221;on|phone&#8221; custom_css_blurb_image=&#8221;max-width: 150px&#8221; border_width_bottom=&#8221;6px&#8221; border_color_bottom=&#8221;gcid-4bb93bbd-88c4-4646-9ecd-3e2e58456eaf&#8221; border_width_all_last_edited=&#8221;off|desktop&#8221; box_shadow_style=&#8221;preset3&#8243; box_shadow_blur=&#8221;22px&#8221; global_colors_info=&#8221;{%22gcid-4bb93bbd-88c4-4646-9ecd-3e2e58456eaf%22:%91%22border_color_bottom%22,%22border_color_bottom%22,%22border_color_bottom%22,%22border_color_bottom%22,%22border_color_bottom%22%93}&#8221; custom_css_main_element_last_edited=&#8221;on|desktop&#8221; custom_css_main_element_phone=&#8221;height: auto;&#8221; border_radii__hover_enabled=&#8221;on|hover&#8221; border_radii__hover=&#8221;on||||&#8221; border_width_all__hover_enabled=&#8221;on|hover&#8221; custom_css_main_element_tablet=&#8221;height:100%&#8221; box_shadow_spread__hover_enabled=&#8221;on|hover&#8221; box_shadow_spread__hover=&#8221;-60px&#8221;]<\/p>\n<p style=\"text-align: center;\"><span>Designed with modern technology and engineering expertise, industrial ovens enhance efficiency in customers' dough and bread production.<\/span><\/p>\n<p>[\/et_pb_blurb][\/et_pb_column][et_pb_column type=&#8221;1_4&#8243; _builder_version=&#8221;4.23.1&#8243; _module_preset=&#8221;default&#8221; global_colors_info=&#8221;{}&#8221;][et_pb_blurb title=&#8221;YO\u011eURMA GRUBU&#8221; url=&#8221;https:\/\/altinolukmakina.com\/tr\/product-category\/yogurma-grubu\/&#8221; image=&#8221;https:\/\/altinolukmakina.com\/wp-content\/uploads\/2023\/11\/knead_3348073.png&#8221; content_tablet=&#8221;<\/p>\n<p style=\"%22text-align:\" center;%22><span>Hamurun k\u0131vam\u0131n\u0131 m\u00fckemmel bir \u015fekilde elde etmek i\u00e7in tasarland\u0131lar, etkili yo\u011furma i\u015flemiyle kaliteli hamur haz\u0131rlaman\u0131n anahtar\u0131.<\/span><\/p>\n<p>&#8221; content_phone=&#8221;&#8221; content_last_edited=&#8221;on|phone&#8221; _builder_version=&#8221;4.23.1&#8243; _module_preset=&#8221;default&#8221; header_font=&#8221;Barlow Condensed|800|||||||&#8221; header_text_align=&#8221;center&#8221; header_text_color=&#8221;#000000&#8243; header_font_size=&#8221;50px&#8221; background_color=&#8221;#f2f2f2&#8243; min_height_tablet=&#8221;&#8221; min_height_phone=&#8221;220px&#8221; min_height_last_edited=&#8221;on|desktop&#8221; custom_margin=&#8221;-165px||||false|false&#8221; custom_padding=&#8221;|20px|14px|20px|false|true&#8221; header_font_size_tablet=&#8221;55px&#8221; header_font_size_phone=&#8221;30px&#8221; header_font_size_last_edited=&#8221;on|phone&#8221; custom_css_blurb_image=&#8221;max-width: 150px&#8221; border_width_bottom=&#8221;6px&#8221; border_color_bottom=&#8221;gcid-4bb93bbd-88c4-4646-9ecd-3e2e58456eaf&#8221; box_shadow_style=&#8221;preset3&#8243; box_shadow_blur=&#8221;24px&#8221; box_shadow_spread_last_edited=&#8221;off|desktop&#8221; global_colors_info=&#8221;{%22gcid-4bb93bbd-88c4-4646-9ecd-3e2e58456eaf%22:%91%22border_color_bottom%22,%22border_color_bottom%22,%22border_color_bottom%22,%22border_color_bottom%22,%22border_color_bottom%22,%22border_color_bottom%22,%22border_color_bottom%22%93}&#8221; custom_css_main_element_last_edited=&#8221;on|phone&#8221; custom_css_main_element_phone=&#8221;height: auto;&#8221; border_width_all__hover_enabled=&#8221;on|hover&#8221; custom_css_main_element_tablet=&#8221;height:100%&#8221; box_shadow_spread__hover_enabled=&#8221;on|hover&#8221; box_shadow_spread__hover=&#8221;-60px&#8221;]<\/p>\n<p style=\"text-align: center;\"><span>They are designed to achieve the perfect consistency of the dough, offering you the key to preparing high-quality dough through an effective kneading process.<\/span><\/p>\n<p>[\/et_pb_blurb][\/et_pb_column][et_pb_column type=&#8221;1_4&#8243; _builder_version=&#8221;4.23.1&#8243; _module_preset=&#8221;default&#8221; global_colors_info=&#8221;{}&#8221;][et_pb_blurb title=&#8221;HAMUR \u0130\u015eLEME&#8221; url=&#8221;https:\/\/altinolukmakina.com\/tr\/product-category\/hamur-isleme\/&#8221; image=&#8221;https:\/\/altinolukmakina.com\/wp-content\/uploads\/2023\/11\/rolling-pin_3348030.png&#8221; content_tablet=&#8221;<\/p>\n<p style=\"%22text-align:\" center;%22><span>Dough Processing Machines, with their high performance, durability, and user-friendly designs, make the tasks of professionals in the dough industry easier.<\/span><\/p>\n<p>&#8221; content_phone=&#8221;&#8221; content_last_edited=&#8221;on|phone&#8221; _builder_version=&#8221;4.23.1&#8243; _module_preset=&#8221;default&#8221; header_font=&#8221;Barlow Condensed|800|||||||&#8221; header_text_align=&#8221;center&#8221; header_text_color=&#8221;#000000&#8243; header_font_size=&#8221;50px&#8221; background_color=&#8221;#f2f2f2&#8243; custom_margin=&#8221;-165px||||false|false&#8221; custom_margin_tablet=&#8221;-165px||||false|false&#8221; custom_margin_phone=&#8221;0px||||false|false&#8221; custom_margin_last_edited=&#8221;on|phone&#8221; custom_padding=&#8221;|8px|14px|8px|false|true&#8221; header_font_size_tablet=&#8221;55px&#8221; header_font_size_phone=&#8221;30px&#8221; header_font_size_last_edited=&#8221;on|phone&#8221; custom_css_blurb_image=&#8221;max-width: 150px&#8221; border_width_bottom=&#8221;6px&#8221; border_color_bottom=&#8221;gcid-4bb93bbd-88c4-4646-9ecd-3e2e58456eaf&#8221; border_width_all_last_edited=&#8221;off|desktop&#8221; box_shadow_style=&#8221;preset3&#8243; box_shadow_blur=&#8221;24px&#8221; global_colors_info=&#8221;{%22gcid-4bb93bbd-88c4-4646-9ecd-3e2e58456eaf%22:%91%22border_color_bottom%22,%22border_color_bottom%22,%22border_color_bottom%22,%22border_color_bottom%22,%22border_color_bottom%22,%22border_color_bottom%22,%22border_color_bottom%22,%22border_color_bottom%22,%22border_color_bottom%22,%22border_color_bottom%22%93}&#8221; custom_css_main_element_phone=&#8221;height: auto;&#8221; custom_css_main_element_last_edited=&#8221;on|phone&#8221; border_width_all__hover_enabled=&#8221;on|hover&#8221; border_width_all__hover=&#8221;0px&#8221; custom_css_main_element_tablet=&#8221;height:100%&#8221; box_shadow_spread__hover_enabled=&#8221;on|hover&#8221; box_shadow_spread__hover=&#8221;-60px&#8221;]<\/p>\n<p style=\"text-align: center;\"><span>Dough Processing Machines, with their high performance, durability, and user-friendly designs, make the tasks of professionals in the dough industry easier.<\/span><\/p>\n<p>[\/et_pb_blurb][\/et_pb_column][et_pb_column type=&#8221;1_4&#8243; _builder_version=&#8221;4.23.1&#8243; _module_preset=&#8221;default&#8221; global_colors_info=&#8221;{}&#8221;][et_pb_blurb title=&#8221;YARDIMCI EK\u0130PMAN&#8221; url=&#8221;https:\/\/altinolukmakina.com\/tr\/product-category\/yardimci-ekipmanlar\/&#8221; image=&#8221;https:\/\/altinolukmakina.com\/wp-content\/uploads\/2023\/11\/bread_3348085.png&#8221; content_tablet=&#8221;<\/p>\n<p style=\"%22text-align:\" center;%22><span>Designed with modern technology and engineering expertise, industrial ovens enhance efficiency in customers' dough and bread production.<\/span><\/p>\n<p>&#8221; content_phone=&#8221;&#8221; content_last_edited=&#8221;on|phone&#8221; _builder_version=&#8221;4.23.1&#8243; _module_preset=&#8221;default&#8221; header_font=&#8221;Barlow Condensed|800|||||||&#8221; header_text_align=&#8221;center&#8221; header_text_color=&#8221;#000000&#8243; header_font_size=&#8221;50px&#8221; background_color=&#8221;#f2f2f2&#8243; custom_margin=&#8221;-165px||||false|false&#8221; custom_margin_tablet=&#8221;-165px||||false|false&#8221; custom_margin_phone=&#8221;0px||||false|false&#8221; custom_margin_last_edited=&#8221;on|phone&#8221; custom_padding=&#8221;|20px|14px|20px|false|true&#8221; header_font_size_tablet=&#8221;55px&#8221; header_font_size_phone=&#8221;30px&#8221; header_font_size_last_edited=&#8221;on|phone&#8221; custom_css_blurb_image=&#8221;max-width: 150px&#8221; border_width_bottom=&#8221;6px&#8221; border_color_bottom=&#8221;gcid-4bb93bbd-88c4-4646-9ecd-3e2e58456eaf&#8221; box_shadow_style=&#8221;preset3&#8243; box_shadow_blur=&#8221;24px&#8221; global_colors_info=&#8221;{%22gcid-4bb93bbd-88c4-4646-9ecd-3e2e58456eaf%22:%91%22border_color_bottom%22,%22border_color_bottom%22,%22border_color_bottom%22,%22border_color_bottom%22,%22border_color_bottom%22,%22border_color_bottom%22,%22border_color_bottom%22%93}&#8221; custom_css_main_element_last_edited=&#8221;on|phone&#8221; custom_css_main_element_phone=&#8221;height: auto;&#8221; border_width_all__hover_enabled=&#8221;on|hover&#8221; border_width_all__hover=&#8221;0px&#8221; custom_css_main_element_tablet=&#8221;height:100%&#8221; box_shadow_blur__hover_enabled=&#8221;on|hover&#8221; box_shadow_blur__hover=&#8221;&#8221; box_shadow_spread__hover_enabled=&#8221;on|hover&#8221; box_shadow_spread__hover=&#8221;-60px&#8221; border_radii__hover_enabled=&#8221;on|hover&#8221;]<\/p>\n<p style=\"text-align: center;\"><span>Designed with modern technology and engineering expertise, industrial ovens enhance efficiency in customers' dough and bread production.<\/span><\/p>\n<p>[\/et_pb_blurb][\/et_pb_column][\/et_pb_row][et_pb_row _builder_version=&#8221;4.23.1&#8243; _module_preset=&#8221;default&#8221; width=&#8221;100%&#8221; max_width=&#8221;1200px&#8221; global_colors_info=&#8221;{}&#8221;][et_pb_column type=&#8221;4_4&#8243; _builder_version=&#8221;4.23.1&#8243; _module_preset=&#8221;default&#8221; global_colors_info=&#8221;{}&#8221;][et_pb_text _builder_version=&#8221;4.23.1&#8243; _module_preset=&#8221;default&#8221; text_font=&#8221;Barlow|900|||||||&#8221; text_text_color=&#8221;gcid-4bb93bbd-88c4-4646-9ecd-3e2e58456eaf&#8221; text_font_size=&#8221;22vw&#8221; positioning=&#8221;absolute&#8221; vertical_offset=&#8221;-947px&#8221; horizontal_offset=&#8221;-36px&#8221; vertical_offset_tablet=&#8221;269px&#8221; vertical_offset_phone=&#8221;26px&#8221; vertical_offset_last_edited=&#8221;on|desktop&#8221; animation_style=&#8221;slide&#8221; animation_direction=&#8221;left&#8221; animation_intensity_slide=&#8221;7%&#8221; text_font_size_tablet=&#8221;22vw&#8221; text_font_size_phone=&#8221;42vw&#8221; text_font_size_last_edited=&#8221;on|phone&#8221; custom_css_main_element=&#8221;mix-blend-mode: multiply;&#8221; global_colors_info=&#8221;{%22gcid-4bb93bbd-88c4-4646-9ecd-3e2e58456eaf%22:%91%22text_text_color%22%93}&#8221;]<\/p>\n<p>OVENS<\/p>\n<p>[\/et_pb_text][et_pb_text _builder_version=&#8221;4.23.1&#8243; _module_preset=&#8221;default&#8221; text_font=&#8221;Barlow|900|||||||&#8221; text_text_color=&#8221;#FFFFFF&#8221; text_font_size=&#8221;4vw&#8221; positioning=&#8221;absolute&#8221; vertical_offset=&#8221;-1132px&#8221; horizontal_offset=&#8221;-17px&#8221; vertical_offset_tablet=&#8221;90px&#8221; vertical_offset_phone=&#8221;-30px&#8221; vertical_offset_last_edited=&#8221;on|desktop&#8221; animation_style=&#8221;slide&#8221; animation_direction=&#8221;left&#8221; animation_intensity_slide=&#8221;5%&#8221; text_font_size_tablet=&#8221;4vw&#8221; text_font_size_phone=&#8221;10vw&#8221; text_font_size_last_edited=&#8221;on|phone&#8221; global_colors_info=&#8221;{}&#8221;]<\/p>\n<p>BAKERY<\/p>\n<p>[\/et_pb_text][\/et_pb_column][\/et_pb_row][\/et_pb_section][et_pb_section fb_built=&#8221;1&#8243; _builder_version=&#8221;4.23.1&#8243; _module_preset=&#8221;default&#8221; background_image=&#8221;https:\/\/altinolukmakina.com\/wp-content\/uploads\/2023\/11\/hakkimizda-bg.webp&#8221; parallax=&#8221;on&#8221; parallax_method=&#8221;off&#8221; custom_margin=&#8221;||||true|false&#8221; custom_padding=&#8221;113px||113px||true|false&#8221; background_last_edited=&#8221;on|phone&#8221; background_image_phone=&#8221;https:\/\/altinolukmakina.com\/wp-content\/uploads\/2023\/11\/hakkimizda-bg-m2.webp&#8221; background_enable_image_phone=&#8221;on&#8221; parallax_method_phone=&#8221;on&#8221; global_colors_info=&#8221;{}&#8221;][et_pb_row column_structure=&#8221;2_5,3_5&#8243; _builder_version=&#8221;4.23.1&#8243; _module_preset=&#8221;default&#8221; global_colors_info=&#8221;{}&#8221;][et_pb_column type=&#8221;2_5&#8243; _builder_version=&#8221;4.23.1&#8243; _module_preset=&#8221;default&#8221; global_colors_info=&#8221;{}&#8221;][\/et_pb_column][et_pb_column type=&#8221;3_5&#8243; _builder_version=&#8221;4.23.1&#8243; _module_preset=&#8221;default&#8221; global_colors_info=&#8221;{}&#8221;][et_pb_text admin_label=&#8221;Metin&#8221; _builder_version=&#8221;4.23.1&#8243; _module_preset=&#8221;default&#8221; header_3_font=&#8221;Barlow|700|||||||&#8221; header_3_font_size=&#8221;58px&#8221; global_colors_info=&#8221;{}&#8221;]<\/p>\n<h3>Professional technology for those who turn baking into art.<\/h3>\n<p>Our company, which operates under the name of ALTINOLUK Bakery Machines, entered into the sector with the production of aluminum conical rounder machines in 2003, continuously renewing itself and expanding its product range and continuing its activities in the manufacturing sector of dough processing and ovens machines.<\/p>\n<p>[\/et_pb_text][et_pb_button button_url=&#8221;@ET-DC@eyJkeW5hbWljIjp0cnVlLCJjb250ZW50IjoicG9zdF9saW5rX3VybF9wYWdlIiwic2V0dGluZ3MiOnsicG9zdF9pZCI6IjIwNiJ9fQ==@&#8221; button_text=&#8221;Devam\u0131&#8221; _builder_version=&#8221;4.23.1&#8243; _dynamic_attributes=&#8221;button_url&#8221; _module_preset=&#8221;default&#8221; custom_button=&#8221;on&#8221; button_text_color=&#8221;#000000&#8243; button_border_width=&#8221;1px&#8221; global_colors_info=&#8221;{}&#8221;][\/et_pb_button][\/et_pb_column][\/et_pb_row][\/et_pb_section][et_pb_section fb_built=&#8221;1&#8243; custom_padding_last_edited=&#8221;on|phone&#8221; _builder_version=&#8221;4.23.1&#8243; _module_preset=&#8221;default&#8221; background_color=&#8221;#ffffff&#8221; use_background_color_gradient=&#8221;on&#8221; background_color_gradient_stops=&#8221;#d6d6d6 0%|#ffffff 100%&#8221; background_enable_pattern_style=&#8221;on&#8221; background_pattern_style=&#8221;scallops&#8221; background_pattern_color=&#8221;#ffffff&#8221; background_pattern_size=&#8221;custom&#8221; background_pattern_width=&#8221;15px&#8221; custom_margin_tablet=&#8221;&#8221; custom_margin_phone=&#8221;||||false|false&#8221; custom_margin_last_edited=&#8221;on|phone&#8221; custom_padding_tablet=&#8221;&#8221; custom_padding_phone=&#8221;0px||||false|false&#8221; box_shadow_style=&#8221;preset1&#8243; box_shadow_blur=&#8221;23px&#8221; box_shadow_spread=&#8221;2px&#8221; global_colors_info=&#8221;{}&#8221;][et_pb_row _builder_version=&#8221;4.23.1&#8243; _module_preset=&#8221;default&#8221; max_width=&#8221;80%&#8221; global_colors_info=&#8221;{}&#8221;][et_pb_column type=&#8221;4_4&#8243; _builder_version=&#8221;4.23.1&#8243; _module_preset=&#8221;default&#8221; global_colors_info=&#8221;{}&#8221;][et_pb_text _builder_version=&#8221;4.23.1&#8243; _module_preset=&#8221;default&#8221; text_text_color=&#8221;gcid-4bb93bbd-88c4-4646-9ecd-3e2e58456eaf&#8221; header_4_font=&#8221;Barlow|900|||||||&#8221; header_4_font_size=&#8221;7vw&#8221; text_orientation=&#8221;center&#8221; animation_style=&#8221;slide&#8221; animation_direction=&#8221;top&#8221; animation_intensity_slide=&#8221;13%&#8221; animation_speed_curve=&#8221;ease-in&#8221; header_4_font_size_tablet=&#8221;7vw&#8221; header_4_font_size_phone=&#8221;11vw&#8221; header_4_font_size_last_edited=&#8221;on|phone&#8221; header_4_text_shadow_style=&#8221;preset1&#8243; global_colors_info=&#8221;{%22gcid-4bb93bbd-88c4-4646-9ecd-3e2e58456eaf%22:%91%22text_text_color%22%93}&#8221;]<\/p>\n<h4 style=\"text-align: center;\"><span style=\"color: #f2ca30;\">DOUGH PROCESSING<\/span><\/h4>\n<h4 style=\"text-align: center;\">MACHINES<\/h4>\n<p>[\/et_pb_text][et_pb_image src=&#8221;https:\/\/altinolukmakina.com\/wp-content\/uploads\/2023\/11\/isleme1.webp&#8221; title_text=&#8221;isleme1&#8243; align=&#8221;center&#8221; _builder_version=&#8221;4.23.1&#8243; _module_preset=&#8221;default&#8221; transform_scale_tablet=&#8221;&#8221; transform_scale_phone=&#8221;178%|178%&#8221; transform_scale_last_edited=&#8221;on|phone&#8221; transform_translate_tablet=&#8221;&#8221; transform_translate_phone=&#8221;&#8221; transform_translate_last_edited=&#8221;on|phone&#8221; transform_rotate_tablet=&#8221;&#8221; transform_rotate_phone=&#8221;&#8221; transform_rotate_last_edited=&#8221;on|phone&#8221; transform_skew_tablet=&#8221;&#8221; transform_skew_phone=&#8221;&#8221; transform_skew_last_edited=&#8221;on|phone&#8221; transform_origin_tablet=&#8221;&#8221; transform_origin_phone=&#8221;&#8221; transform_origin_last_edited=&#8221;on|phone&#8221; transform_styles_last_edited=&#8221;on|phone&#8221; z_index=&#8221;2&#8243; min_height_tablet=&#8221;&#8221; min_height_phone=&#8221;&#8221; min_height_last_edited=&#8221;on|phone&#8221; custom_margin=&#8221;-16vh||||false|false&#8221; custom_margin_tablet=&#8221;-20vh||||false|false&#8221; custom_margin_phone=&#8221;3vh||||false|false&#8221; custom_margin_last_edited=&#8221;on|phone&#8221; custom_padding_tablet=&#8221;&#8221; custom_padding_phone=&#8221;|0px||0px|false|false&#8221; custom_padding_last_edited=&#8221;on|phone&#8221; animation_style=&#8221;fade&#8221; transform_styles_tablet=&#8221;&#8221; transform_styles_phone=&#8221;&#8221; global_colors_info=&#8221;{}&#8221; custom_css_main_element_last_edited=&#8221;on|phone&#8221;][\/et_pb_image][et_pb_button button_url=&#8221;https:\/\/altinolukmakina.com\/tr\/product-category\/hamur-isleme\/&#8221; button_text=&#8221;\u00dcR\u00dcNLER\u0130 G\u00d6R&#8221; button_alignment=&#8221;center&#8221; _builder_version=&#8221;4.23.1&#8243; _module_preset=&#8221;default&#8221; custom_button=&#8221;on&#8221; button_text_color=&#8221;#000000&#8243; button_border_width=&#8221;1px&#8221; button_font=&#8221;Barlow||||||||&#8221; z_index=&#8221;207&#8243; custom_margin=&#8221;-131px||||false|false&#8221; custom_margin_tablet=&#8221;-131px||||false|false&#8221; custom_margin_phone=&#8221;74px||||false|false&#8221; custom_margin_last_edited=&#8221;on|phone&#8221; global_colors_info=&#8221;{}&#8221;][\/et_pb_button][\/et_pb_column][\/et_pb_row][\/et_pb_section][et_pb_section fb_built=&#8221;1&#8243; _builder_version=&#8221;4.23.1&#8243; _module_preset=&#8221;default&#8221; background_color=&#8221;#000000&#8243; background_image=&#8221;https:\/\/altinolukmakina.com\/wp-content\/uploads\/2023\/11\/fabrika.webp&#8221; parallax=&#8221;on&#8221; background_blend=&#8221;screen&#8221; background_enable_pattern_style=&#8221;on&#8221; background_pattern_style=&#8221;squares&#8221; background_pattern_color=&#8221;rgba(0,0,0,0.57)&#8221; background_pattern_size=&#8221;custom&#8221; background_pattern_width=&#8221;4920px&#8221; background_pattern_height=&#8221;0px&#8221; custom_margin=&#8221;||||false|false&#8221; custom_padding=&#8221;198px||198px||true|false&#8221; global_colors_info=&#8221;{}&#8221;][et_pb_row _builder_version=&#8221;4.23.1&#8243; _module_preset=&#8221;default&#8221; global_colors_info=&#8221;{}&#8221;][et_pb_column type=&#8221;4_4&#8243; _builder_version=&#8221;4.23.1&#8243; _module_preset=&#8221;default&#8221; global_colors_info=&#8221;{}&#8221;][et_pb_text _builder_version=&#8221;4.23.1&#8243; _module_preset=&#8221;default&#8221; text_font=&#8221;Barlow|800||on|||||&#8221; text_text_color=&#8221;gcid-4bb93bbd-88c4-4646-9ecd-3e2e58456eaf&#8221; text_font_size=&#8221;41px&#8221; text_line_height=&#8221;35px&#8221; text_orientation=&#8221;center&#8221; text_font_size_tablet=&#8221;41px&#8221; text_font_size_phone=&#8221;29px&#8221; text_font_size_last_edited=&#8221;on|phone&#8221; global_colors_info=&#8221;{%22gcid-4bb93bbd-88c4-4646-9ecd-3e2e58456eaf%22:%91%22text_text_color%22%93}&#8221;]<\/p>\n<p class=\" translation-block\">Professional technology for<br> those who turn baking into art.<\/p>\n<p>[\/et_pb_text][et_pb_button button_url=&#8221;@ET-DC@eyJkeW5hbWljIjp0cnVlLCJjb250ZW50IjoicG9zdF9saW5rX3VybF9wYWdlIiwic2V0dGluZ3MiOnsicG9zdF9pZCI6IjM4NiJ9fQ==@&#8221; button_text=&#8221;Bizimle \u0130leti\u015fime Ge\u00e7in&#8221; button_alignment=&#8221;center&#8221; _builder_version=&#8221;4.23.1&#8243; _dynamic_attributes=&#8221;button_url&#8221; _module_preset=&#8221;default&#8221; custom_button=&#8221;on&#8221; button_text_color=&#8221;#FFFFFF&#8221; button_border_width=&#8221;1px&#8221; button_border_radius=&#8221;100px&#8221; button_letter_spacing=&#8221;0px&#8221; button_font=&#8221;Barlow||||||||&#8221; global_colors_info=&#8221;{}&#8221; button_bg_color__hover_enabled=&#8221;on|desktop&#8221; button_bg_color__hover=&#8221;#FFFFFF&#8221; button_bg_enable_color__hover=&#8221;on&#8221; button_text_color__hover_enabled=&#8221;on|hover&#8221; button_text_color__hover=&#8221;#000000&#8243;][\/et_pb_button][\/et_pb_column][\/et_pb_row][\/et_pb_section]<\/p>","protected":false},"excerpt":{"rendered":"<p>Modern teknoloji ve m\u00fchendislik uzmanl\u0131\u011f\u0131yla tasarlanan end\u00fcstriyel f\u0131r\u0131nlar, m\u00fc\u015fterilerin hamur i\u015fleri ve ekmek \u00fcretiminde verimlili\u011fi art\u0131rmaktad\u0131r.Hamurun k\u0131vam\u0131n\u0131 m\u00fckemmel bir \u015fekilde elde etmek i\u00e7in tasarland\u0131lar, etkili yo\u011furma i\u015flemiyle kaliteli hamur haz\u0131rlaman\u0131n anahtar\u0131 sizlere sunar.Y\u00fcksek performans, dayan\u0131kl\u0131l\u0131k ve kullan\u0131c\u0131 dostu tasar\u0131mlar\u0131yla Hamur \u0130\u015fleme Makineleri, hamur i\u015fleri sekt\u00f6r\u00fcndeki profesyonellerin i\u015flerini kolayla\u015ft\u0131rmaktad\u0131r.Modern teknoloji ve m\u00fchendislik uzmanl\u0131\u011f\u0131yla tasarlanan end\u00fcstriyel f\u0131r\u0131nlar, [&hellip;]<\/p>","protected":false},"author":1,"featured_media":0,"parent":0,"menu_order":0,"comment_status":"closed","ping_status":"closed","template":"","meta":{"_et_pb_use_builder":"on","_et_pb_old_content":"<!-- wp:divi\/placeholder \/-->","_et_gb_content_width":"","footnotes":""},"class_list":["post-122","page","type-page","status-publish","hentry"],"acf":[],"_links":{"self":[{"href":"https:\/\/altinolukmakina.com\/en\/wp-json\/wp\/v2\/pages\/122","targetHints":{"allow":["GET"]}}],"collection":[{"href":"https:\/\/altinolukmakina.com\/en\/wp-json\/wp\/v2\/pages"}],"about":[{"href":"https:\/\/altinolukmakina.com\/en\/wp-json\/wp\/v2\/types\/page"}],"author":[{"embeddable":true,"href":"https:\/\/altinolukmakina.com\/en\/wp-json\/wp\/v2\/users\/1"}],"replies":[{"embeddable":true,"href":"https:\/\/altinolukmakina.com\/en\/wp-json\/wp\/v2\/comments?post=122"}],"version-history":[{"count":56,"href":"https:\/\/altinolukmakina.com\/en\/wp-json\/wp\/v2\/pages\/122\/revisions"}],"predecessor-version":[{"id":466,"href":"https:\/\/altinolukmakina.com\/en\/wp-json\/wp\/v2\/pages\/122\/revisions\/466"}],"wp:attachment":[{"href":"https:\/\/altinolukmakina.com\/en\/wp-json\/wp\/v2\/media?parent=122"}],"curies":[{"name":"wp","href":"https:\/\/api.w.org\/{rel}","templated":true}]}}