{"id":300,"date":"2023-11-18T11:25:14","date_gmt":"2023-11-18T11:25:14","guid":{"rendered":"https:\/\/altinolukmakina.com\/?post_type=product&#038;p=300"},"modified":"2023-11-18T11:36:56","modified_gmt":"2023-11-18T11:36:56","slug":"hamur-yogurma-makinesi","status":"publish","type":"product","link":"https:\/\/altinolukmakina.com\/en\/product\/dough-kneading-machine\/","title":{"rendered":"DOUGH KNEADING MACHINES"},"content":{"rendered":"<h4>Quiet Operation:<\/h4>\n<p>The belt-pulley system ensures quiet machine operation, minimizing workplace noise and providing a comfortable working environment.<\/p>\n<p>&nbsp;<\/p>\n<h4>Special Fork Arms:<\/h4>\n<p>Thanks to its special kneading fork, it kneads hand-kneaded quality dough without heating the dough or damaging its properties.<\/p>\n<p>&nbsp;<\/p>\n<h4>Safety Functions:<\/h4>\n<p>Acil durdurma fonksiyonu ve kazan kapa\u011f\u0131ndaki g\u00fcvenlik sistemi kullan\u0131c\u0131lar\u0131n g\u00fcvenli\u011fini sa\u011flar<\/p>\n<p>&nbsp;<\/p>\n<h4>Stainless Steel Construction:<\/h4>\n<p>The tank, spiral arm, and cutting blade are constructed from high-quality stainless steel, ensuring durability and a hygienic environment.<\/p>","protected":false},"excerpt":{"rendered":"<p>Dough kneading machines are designed for kneading the all kinds of dough.  It is a powerful machine and works silently.<\/p>\n<p>It\u2019s bowl and fork arms are made of stainless steel material according to the rules and regulation of foodstuffs. By means of the mixing fork, kneads the dough without heating and spoil its features. Simple structure of machines increased the working life<\/p>\n<p><img decoding=\"async\" class=\"alignnone size-medium wp-image-304\" src=\"https:\/\/altinolukmakina.com\/wp-content\/uploads\/2023\/11\/0-5-6.webp\" alt=\"\" width=\"100%\" height=\"auto\" srcset=\"https:\/\/altinolukmakina.com\/wp-content\/uploads\/2023\/11\/0-5-6.webp 670w, https:\/\/altinolukmakina.com\/wp-content\/uploads\/2023\/11\/0-5-6-480x138.webp 480w\" sizes=\"(min-width: 0px) and (max-width: 480px) 480px, (min-width: 481px) 670px, 100vw\" \/><\/p>","protected":false},"featured_media":301,"comment_status":"open","ping_status":"closed","template":"","meta":{"_et_pb_use_builder":"","_et_pb_old_content":"","_et_gb_content_width":""},"product_cat":[19],"product_tag":[],"class_list":["post-300","product","type-product","status-publish","has-post-thumbnail","hentry","product_cat-yogurma-grubu"],"acf":[],"_links":{"self":[{"href":"https:\/\/altinolukmakina.com\/en\/wp-json\/wp\/v2\/product\/300","targetHints":{"allow":["GET"]}}],"collection":[{"href":"https:\/\/altinolukmakina.com\/en\/wp-json\/wp\/v2\/product"}],"about":[{"href":"https:\/\/altinolukmakina.com\/en\/wp-json\/wp\/v2\/types\/product"}],"replies":[{"embeddable":true,"href":"https:\/\/altinolukmakina.com\/en\/wp-json\/wp\/v2\/comments?post=300"}],"wp:featuredmedia":[{"embeddable":true,"href":"https:\/\/altinolukmakina.com\/en\/wp-json\/wp\/v2\/media\/301"}],"wp:attachment":[{"href":"https:\/\/altinolukmakina.com\/en\/wp-json\/wp\/v2\/media?parent=300"}],"wp:term":[{"taxonomy":"product_cat","embeddable":true,"href":"https:\/\/altinolukmakina.com\/en\/wp-json\/wp\/v2\/product_cat?post=300"},{"taxonomy":"product_tag","embeddable":true,"href":"https:\/\/altinolukmakina.com\/en\/wp-json\/wp\/v2\/product_tag?post=300"}],"curies":[{"name":"wp","href":"https:\/\/api.w.org\/{rel}","templated":true}]}}