{"id":206,"date":"2023-11-18T08:00:27","date_gmt":"2023-11-18T08:00:27","guid":{"rendered":"https:\/\/altinolukmakina.com\/?page_id=206"},"modified":"2023-11-20T11:52:04","modified_gmt":"2023-11-20T11:52:04","slug":"hakkimizda","status":"publish","type":"page","link":"https:\/\/altinolukmakina.com\/tr\/hakkimizda\/","title":{"rendered":"Hakk\u0131m\u0131zda"},"content":{"rendered":"<p>[et_pb_section fb_built=&#8221;1&#8243; admin_label=&#8221;section&#8221; _builder_version=&#8221;4.23.1&#8243; background_color=&#8221;#3a3a3a&#8221; background_enable_pattern_style=&#8221;on&#8221; background_pattern_style=&#8221;tufted&#8221; background_pattern_size=&#8221;custom&#8221; background_pattern_width=&#8221;58px&#8221; custom_margin=&#8221;0px||0px||true|false&#8221; custom_padding=&#8221;0px||0px||true|false&#8221; global_colors_info=&#8221;{}&#8221;][et_pb_row admin_label=&#8221;row&#8221; _builder_version=&#8221;4.23.1&#8243; background_image=&#8221;https:\/\/altinolukmakina.com\/wp-content\/uploads\/2023\/11\/fabrika.webp&#8221; background_repeat=&#8221;repeat&#8221; max_width=&#8221;80%&#8221; custom_margin=&#8221;0px||0px||true|false&#8221; custom_padding=&#8221;292px||292px||true|false&#8221; box_shadow_style=&#8221;preset3&#8243; box_shadow_vertical=&#8221;20px&#8221; box_shadow_blur=&#8221;23px&#8221; box_shadow_color=&#8221;#000000&#8243; global_colors_info=&#8221;{}&#8221;][et_pb_column type=&#8221;4_4&#8243; _builder_version=&#8221;4.16&#8243; custom_padding=&#8221;|||&#8221; global_colors_info=&#8221;{}&#8221; custom_padding__hover=&#8221;|||&#8221;][\/et_pb_column][\/et_pb_row][et_pb_row column_structure=&#8221;1_2,1_2&#8243; _builder_version=&#8221;4.23.1&#8243; _module_preset=&#8221;default&#8221; custom_margin=&#8221;||125px||false|false&#8221; global_colors_info=&#8221;{}&#8221;][et_pb_column type=&#8221;1_2&#8243; _builder_version=&#8221;4.23.1&#8243; _module_preset=&#8221;default&#8221; global_colors_info=&#8221;{}&#8221;][et_pb_text _builder_version=&#8221;4.23.1&#8243; _module_preset=&#8221;default&#8221; header_font=&#8221;Barlow Condensed|900|||||||&#8221; header_text_color=&#8221;gcid-4bb93bbd-88c4-4646-9ecd-3e2e58456eaf&#8221; header_font_size=&#8221;73px&#8221; global_colors_info=&#8221;{%22gcid-4bb93bbd-88c4-4646-9ecd-3e2e58456eaf%22:%91%22header_text_color%22%93}&#8221;]<\/p>\n<h1>F\u0131r\u0131nc\u0131l\u0131\u011f\u0131 sanata d\u00f6n\u00fc\u015ft\u00fcrenler i\u00e7in profesyonel teknoloji<\/h1>\n<p>[\/et_pb_text][\/et_pb_column][et_pb_column type=&#8221;1_2&#8243; _builder_version=&#8221;4.23.1&#8243; _module_preset=&#8221;default&#8221; global_colors_info=&#8221;{}&#8221;][et_pb_text _builder_version=&#8221;4.23.1&#8243; _module_preset=&#8221;default&#8221; text_text_color=&#8221;#FFFFFF&#8221; text_font_size=&#8221;17px&#8221; text_line_height=&#8221;1.8em&#8221; global_colors_info=&#8221;{}&#8221;]<\/p>\n<p>ALTINOLUK F\u0131r\u0131n Makinalar\u0131 ad\u0131 alt\u0131nda faaliyet g\u00f6steren firmam\u0131z, 2003 y\u0131l\u0131nda hamur yuvarlama makinalar\u0131 al\u00fcminyum konik imalat\u0131 ile sekt\u00f6re girmi\u015f, s\u00fcrekli kendini yenileyerek \u00fcr\u00fcn yelpazesini geni\u015fleterek hamur i\u015fleme ve f\u0131r\u0131n makinalar\u0131 imalat\u0131 sekt\u00f6r\u00fcnde faaliyetlerine devam etmektedir.<\/p>\n<p>Kuruldu\u011fu ilk g\u00fcnden itibaren sekt\u00f6rdeki bo\u015flu\u011fu, geli\u015fen teknoloji paralelinde kendisini s\u00fcrekli yenileyerek, ba\u015far\u0131 grafi\u011fini y\u00fckseltmi\u015ftir. Avrupa standartlar\u0131nda \u00fcretim yapan firmam\u0131z sadece imalat ve sat\u0131\u015f a\u015famas\u0131nda de\u011fil, sat\u0131\u015f sonras\u0131 servis hizmetleriyle de m\u00fc\u015fterilerin hakl\u0131 g\u00fcvenini kazanm\u0131\u015ft\u0131r.<\/p>\n<p>\u00dcretimin her a\u015famas\u0131nda, alan\u0131nda uzman bir kadronun titiz i\u015f\u00e7ili\u011fi ile imal edilen \u00fcr\u00fcnleriniz bir y\u0131l garanti kapsam\u0131na al\u0131nm\u0131\u015ft\u0131r. Hi\u00e7bir ba\u015far\u0131n\u0131n tesad\u00fcflere ba\u011fl\u0131 olmad\u0131\u011f\u0131n\u0131n bilincinde olan herkes gibi firmam\u0131z\u0131n markas\u0131n\u0131 vurdu\u011fu t\u00fcm \u00fcr\u00fcnlerde kalite, titiz i\u015f\u00e7ilik, yayg\u0131n sat\u0131\u015f ve sat\u0131\u015f sonras\u0131 servis hizmetleri ile de bir\u00e7ok ba\u015far\u0131n\u0131n alt\u0131na imzas\u0131n\u0131 atm\u0131\u015ft\u0131r.<\/p>\n<p>Firmam\u0131z ge\u00e7mi\u015fte oldu\u011fu gibi gelecekte hep daha iyi olabilmek ad\u0131na s\u00fcrekli \u00e7al\u0131\u015farak, \u00fcr\u00fcn \u00e7e\u015fitlerini geni\u015fleterek yurti\u00e7i ve yutd\u0131\u015f\u0131 ba\u015far\u0131lara imza atmaya devam edecektir.<\/p>\n<p>Hedefimiz kaliteyi en iyi \u015fekilde sekt\u00f6r\u00fcn hizmetine sunmakt\u0131r.<\/p>\n<p>[\/et_pb_text][\/et_pb_column][\/et_pb_row][\/et_pb_section][et_pb_section fb_built=&#8221;1&#8243; _builder_version=&#8221;4.23.1&#8243; _module_preset=&#8221;default&#8221; global_colors_info=&#8221;{}&#8221; locked=&#8221;off&#8221;][et_pb_row column_structure=&#8221;1_4,1_4,1_4,1_4&#8243; use_custom_gutter=&#8221;on&#8221; gutter_width=&#8221;2&#8243; make_equal=&#8221;on&#8221; module_class=&#8221;two-col-mob&#8221; _builder_version=&#8221;4.23.1&#8243; _module_preset=&#8221;default&#8221; custom_margin=&#8221;||||false|false&#8221; global_colors_info=&#8221;{}&#8221;][et_pb_column type=&#8221;1_4&#8243; _builder_version=&#8221;4.23.1&#8243; _module_preset=&#8221;default&#8221; global_colors_info=&#8221;{}&#8221;][et_pb_blurb title=&#8221;FIRIN GRUBU&#8221; image=&#8221;https:\/\/altinolukmakina.com\/wp-content\/uploads\/2023\/11\/bread_3348053.png&#8221; content_tablet=&#8221;<\/p>\n<p style=%22text-align: center;%22><span>Modern teknoloji ve m\u00fchendislik uzmanl\u0131\u011f\u0131yla tasarlanan end\u00fcstriyel f\u0131r\u0131nlar, m\u00fc\u015fterilerin hamur i\u015fleri ve ekmek \u00fcretiminde verimlili\u011fi art\u0131rmaktad\u0131r.<\/span><\/p>\n<p>&#8221; content_phone=&#8221;&#8221; content_last_edited=&#8221;on|phone&#8221; content_max_width_tablet=&#8221;&#8221; content_max_width_phone=&#8221;&#8221; content_max_width_last_edited=&#8221;on|phone&#8221; _builder_version=&#8221;4.23.1&#8243; _module_preset=&#8221;default&#8221; header_font=&#8221;Barlow Condensed|800|||||||&#8221; header_text_align=&#8221;center&#8221; header_text_color=&#8221;#000000&#8243; header_font_size=&#8221;50px&#8221; background_color=&#8221;#f2f2f2&#8243; min_height_tablet=&#8221;&#8221; min_height_phone=&#8221;&#8221; min_height_last_edited=&#8221;on|phone&#8221; custom_margin=&#8221;-165px||||false|false&#8221; custom_padding=&#8221;|20px|14px|20px|false|true&#8221; hover_enabled=&#8221;0&#8243; header_font_size_tablet=&#8221;55px&#8221; header_font_size_phone=&#8221;30px&#8221; header_font_size_last_edited=&#8221;on|phone&#8221; custom_css_blurb_image=&#8221;max-width: 150px&#8221; border_width_bottom=&#8221;6px&#8221; border_color_bottom=&#8221;gcid-4bb93bbd-88c4-4646-9ecd-3e2e58456eaf&#8221; border_width_all_last_edited=&#8221;off|desktop&#8221; box_shadow_style=&#8221;preset3&#8243; box_shadow_blur=&#8221;22px&#8221; global_colors_info=&#8221;{%22gcid-4bb93bbd-88c4-4646-9ecd-3e2e58456eaf%22:%91%22border_color_bottom%22,%22border_color_bottom%22,%22border_color_bottom%22,%22border_color_bottom%22,%22border_color_bottom%22%93}&#8221; custom_css_main_element_last_edited=&#8221;on|desktop&#8221; custom_css_main_element_phone=&#8221;height: auto;&#8221; border_radii__hover_enabled=&#8221;on|hover&#8221; border_radii__hover=&#8221;on||||&#8221; border_width_all__hover_enabled=&#8221;on|hover&#8221; custom_css_main_element_tablet=&#8221;height:100%&#8221; box_shadow_spread__hover_enabled=&#8221;on|hover&#8221; box_shadow_spread__hover=&#8221;-60px&#8221; sticky_enabled=&#8221;0&#8243; url=&#8221;https:\/\/altinolukmakina.com\/tr\/product-category\/firin-grubu\/&#8221;]<\/p>\n<p style=\"text-align: center;\"><span>Modern teknoloji ve m\u00fchendislik uzmanl\u0131\u011f\u0131yla tasarlanan end\u00fcstriyel f\u0131r\u0131nlar, m\u00fc\u015fterilerin hamur i\u015fleri ve ekmek \u00fcretiminde verimlili\u011fi art\u0131rmaktad\u0131r.<\/span><\/p>\n<p>[\/et_pb_blurb][\/et_pb_column][et_pb_column type=&#8221;1_4&#8243; _builder_version=&#8221;4.23.1&#8243; _module_preset=&#8221;default&#8221; global_colors_info=&#8221;{}&#8221;][et_pb_blurb title=&#8221;YO\u011eURMA GRUBU&#8221; image=&#8221;https:\/\/altinolukmakina.com\/wp-content\/uploads\/2023\/11\/knead_3348073.png&#8221; content_tablet=&#8221;<\/p>\n<p style=%22text-align: center;%22><span>Hamurun k\u0131vam\u0131n\u0131 m\u00fckemmel bir \u015fekilde elde etmek i\u00e7in tasarland\u0131lar, etkili yo\u011furma i\u015flemiyle kaliteli hamur haz\u0131rlaman\u0131n anahtar\u0131.<\/span><\/p>\n<p>&#8221; content_phone=&#8221;&#8221; content_last_edited=&#8221;on|phone&#8221; _builder_version=&#8221;4.23.1&#8243; _module_preset=&#8221;default&#8221; header_font=&#8221;Barlow Condensed|800|||||||&#8221; header_text_align=&#8221;center&#8221; header_text_color=&#8221;#000000&#8243; header_font_size=&#8221;50px&#8221; background_color=&#8221;#f2f2f2&#8243; min_height_tablet=&#8221;&#8221; min_height_phone=&#8221;220px&#8221; min_height_last_edited=&#8221;on|desktop&#8221; custom_margin=&#8221;-165px||||false|false&#8221; custom_padding=&#8221;|20px|14px|20px|false|true&#8221; hover_enabled=&#8221;0&#8243; header_font_size_tablet=&#8221;55px&#8221; header_font_size_phone=&#8221;30px&#8221; header_font_size_last_edited=&#8221;on|phone&#8221; custom_css_blurb_image=&#8221;max-width: 150px&#8221; border_width_bottom=&#8221;6px&#8221; border_color_bottom=&#8221;gcid-4bb93bbd-88c4-4646-9ecd-3e2e58456eaf&#8221; box_shadow_style=&#8221;preset3&#8243; box_shadow_blur=&#8221;24px&#8221; box_shadow_spread_last_edited=&#8221;off|desktop&#8221; global_colors_info=&#8221;{%22gcid-4bb93bbd-88c4-4646-9ecd-3e2e58456eaf%22:%91%22border_color_bottom%22,%22border_color_bottom%22,%22border_color_bottom%22,%22border_color_bottom%22,%22border_color_bottom%22,%22border_color_bottom%22,%22border_color_bottom%22%93}&#8221; custom_css_main_element_last_edited=&#8221;on|phone&#8221; custom_css_main_element_phone=&#8221;height: auto;&#8221; border_width_all__hover_enabled=&#8221;on|hover&#8221; custom_css_main_element_tablet=&#8221;height:100%&#8221; box_shadow_spread__hover_enabled=&#8221;on|hover&#8221; box_shadow_spread__hover=&#8221;-60px&#8221; url=&#8221;https:\/\/altinolukmakina.com\/tr\/product-category\/yogurma-grubu\/&#8221; sticky_enabled=&#8221;0&#8243;]<\/p>\n<p style=\"text-align: center;\"><span>Hamurun k\u0131vam\u0131n\u0131 m\u00fckemmel bir \u015fekilde elde etmek i\u00e7in tasarland\u0131lar, etkili yo\u011furma i\u015flemiyle kaliteli hamur haz\u0131rlaman\u0131n anahtar\u0131 sizlere sunar.<\/span><\/p>\n<p>[\/et_pb_blurb][\/et_pb_column][et_pb_column type=&#8221;1_4&#8243; _builder_version=&#8221;4.23.1&#8243; _module_preset=&#8221;default&#8221; global_colors_info=&#8221;{}&#8221;][et_pb_blurb title=&#8221;HAMUR \u0130\u015eLEME&#8221; image=&#8221;https:\/\/altinolukmakina.com\/wp-content\/uploads\/2023\/11\/rolling-pin_3348030.png&#8221; content_tablet=&#8221;<\/p>\n<p style=%22text-align: center;%22><span>Y\u00fcksek performans, dayan\u0131kl\u0131l\u0131k ve kullan\u0131c\u0131 dostu tasar\u0131mlar\u0131yla Hamur \u0130\u015fleme Makineleri, hamur i\u015fleri sekt\u00f6r\u00fcndeki profesyonellerin i\u015flerini kolayla\u015ft\u0131rmaktad\u0131r.<\/span><\/p>\n<p>&#8221; content_phone=&#8221;&#8221; content_last_edited=&#8221;on|phone&#8221; _builder_version=&#8221;4.23.1&#8243; _module_preset=&#8221;default&#8221; header_font=&#8221;Barlow Condensed|800|||||||&#8221; header_text_align=&#8221;center&#8221; header_text_color=&#8221;#000000&#8243; header_font_size=&#8221;50px&#8221; background_color=&#8221;#f2f2f2&#8243; custom_margin=&#8221;-165px||||false|false&#8221; custom_margin_tablet=&#8221;-165px||||false|false&#8221; custom_margin_phone=&#8221;0px||||false|false&#8221; custom_margin_last_edited=&#8221;on|phone&#8221; custom_padding=&#8221;|8px|14px|8px|false|true&#8221; hover_enabled=&#8221;0&#8243; header_font_size_tablet=&#8221;55px&#8221; header_font_size_phone=&#8221;30px&#8221; header_font_size_last_edited=&#8221;on|phone&#8221; custom_css_blurb_image=&#8221;max-width: 150px&#8221; border_width_bottom=&#8221;6px&#8221; border_color_bottom=&#8221;gcid-4bb93bbd-88c4-4646-9ecd-3e2e58456eaf&#8221; border_width_all_last_edited=&#8221;off|desktop&#8221; box_shadow_style=&#8221;preset3&#8243; box_shadow_blur=&#8221;24px&#8221; global_colors_info=&#8221;{%22gcid-4bb93bbd-88c4-4646-9ecd-3e2e58456eaf%22:%91%22border_color_bottom%22,%22border_color_bottom%22,%22border_color_bottom%22,%22border_color_bottom%22,%22border_color_bottom%22,%22border_color_bottom%22,%22border_color_bottom%22,%22border_color_bottom%22,%22border_color_bottom%22,%22border_color_bottom%22%93}&#8221; custom_css_main_element_phone=&#8221;height: auto;&#8221; custom_css_main_element_last_edited=&#8221;on|phone&#8221; border_width_all__hover_enabled=&#8221;on|hover&#8221; border_width_all__hover=&#8221;0px&#8221; custom_css_main_element_tablet=&#8221;height:100%&#8221; box_shadow_spread__hover_enabled=&#8221;on|hover&#8221; box_shadow_spread__hover=&#8221;-60px&#8221; url=&#8221;https:\/\/altinolukmakina.com\/tr\/product-category\/hamur-isleme\/&#8221; sticky_enabled=&#8221;0&#8243;]<\/p>\n<p style=\"text-align: center;\"><span>Y\u00fcksek performans, dayan\u0131kl\u0131l\u0131k ve kullan\u0131c\u0131 dostu tasar\u0131mlar\u0131yla Hamur \u0130\u015fleme Makineleri, hamur i\u015fleri sekt\u00f6r\u00fcndeki profesyonellerin i\u015flerini kolayla\u015ft\u0131rmaktad\u0131r.<\/span><\/p>\n<p>[\/et_pb_blurb][\/et_pb_column][et_pb_column type=&#8221;1_4&#8243; _builder_version=&#8221;4.23.1&#8243; _module_preset=&#8221;default&#8221; global_colors_info=&#8221;{}&#8221;][et_pb_blurb title=&#8221;YARDIMCI EK\u0130PMAN&#8221; image=&#8221;https:\/\/altinolukmakina.com\/wp-content\/uploads\/2023\/11\/bread_3348085.png&#8221; content_tablet=&#8221;<\/p>\n<p style=%22text-align: center;%22><span>Modern teknoloji ve m\u00fchendislik uzmanl\u0131\u011f\u0131yla tasarlanan end\u00fcstriyel f\u0131r\u0131nlar, m\u00fc\u015fterilerin hamur i\u015fleri ve ekmek \u00fcretiminde verimlili\u011fi art\u0131rmaktad\u0131r.<\/span><\/p>\n<p>&#8221; content_phone=&#8221;&#8221; content_last_edited=&#8221;on|phone&#8221; _builder_version=&#8221;4.23.1&#8243; _module_preset=&#8221;default&#8221; header_font=&#8221;Barlow Condensed|800|||||||&#8221; header_text_align=&#8221;center&#8221; header_text_color=&#8221;#000000&#8243; header_font_size=&#8221;50px&#8221; background_color=&#8221;#f2f2f2&#8243; custom_margin=&#8221;-165px||||false|false&#8221; custom_margin_tablet=&#8221;-165px||||false|false&#8221; custom_margin_phone=&#8221;0px||||false|false&#8221; custom_margin_last_edited=&#8221;on|phone&#8221; custom_padding=&#8221;|20px|14px|20px|false|true&#8221; hover_enabled=&#8221;0&#8243; header_font_size_tablet=&#8221;55px&#8221; header_font_size_phone=&#8221;30px&#8221; header_font_size_last_edited=&#8221;on|phone&#8221; custom_css_blurb_image=&#8221;max-width: 150px&#8221; border_width_bottom=&#8221;6px&#8221; border_color_bottom=&#8221;gcid-4bb93bbd-88c4-4646-9ecd-3e2e58456eaf&#8221; box_shadow_style=&#8221;preset3&#8243; box_shadow_blur=&#8221;24px&#8221; global_colors_info=&#8221;{%22gcid-4bb93bbd-88c4-4646-9ecd-3e2e58456eaf%22:%91%22border_color_bottom%22,%22border_color_bottom%22,%22border_color_bottom%22,%22border_color_bottom%22,%22border_color_bottom%22,%22border_color_bottom%22,%22border_color_bottom%22%93}&#8221; custom_css_main_element_last_edited=&#8221;on|phone&#8221; custom_css_main_element_phone=&#8221;height: auto;&#8221; border_width_all__hover_enabled=&#8221;on|hover&#8221; border_width_all__hover=&#8221;0px&#8221; custom_css_main_element_tablet=&#8221;height:100%&#8221; box_shadow_blur__hover_enabled=&#8221;on|hover&#8221; box_shadow_blur__hover=&#8221;&#8221; box_shadow_spread__hover_enabled=&#8221;on|hover&#8221; box_shadow_spread__hover=&#8221;-60px&#8221; border_radii__hover_enabled=&#8221;on|hover&#8221; url=&#8221;https:\/\/altinolukmakina.com\/tr\/product-category\/yardimci-ekipmanlar\/&#8221; sticky_enabled=&#8221;0&#8243;]<\/p>\n<p style=\"text-align: center;\"><span>Modern teknoloji ve m\u00fchendislik uzmanl\u0131\u011f\u0131yla tasarlanan end\u00fcstriyel f\u0131r\u0131nlar, m\u00fc\u015fterilerin hamur i\u015fleri ve ekmek \u00fcretiminde verimlili\u011fi art\u0131rmaktad\u0131r.<\/span><\/p>\n<p>[\/et_pb_blurb][\/et_pb_column][\/et_pb_row][\/et_pb_section]<\/p>\n","protected":false},"excerpt":{"rendered":"<p>F\u0131r\u0131nc\u0131l\u0131\u011f\u0131 sanata d\u00f6n\u00fc\u015ft\u00fcrenler i\u00e7in profesyonel teknolojiALTINOLUK F\u0131r\u0131n Makinalar\u0131 ad\u0131 alt\u0131nda faaliyet g\u00f6steren firmam\u0131z, 2003 y\u0131l\u0131nda hamur yuvarlama makinalar\u0131 al\u00fcminyum konik imalat\u0131 ile sekt\u00f6re girmi\u015f, s\u00fcrekli kendini yenileyerek \u00fcr\u00fcn yelpazesini geni\u015fleterek hamur i\u015fleme ve f\u0131r\u0131n makinalar\u0131 imalat\u0131 sekt\u00f6r\u00fcnde faaliyetlerine devam etmektedir. Kuruldu\u011fu ilk g\u00fcnden itibaren sekt\u00f6rdeki bo\u015flu\u011fu, geli\u015fen teknoloji paralelinde kendisini s\u00fcrekli yenileyerek, ba\u015far\u0131 grafi\u011fini y\u00fckseltmi\u015ftir. [&hellip;]<\/p>\n","protected":false},"author":1,"featured_media":0,"parent":0,"menu_order":0,"comment_status":"closed","ping_status":"closed","template":"","meta":{"_et_pb_use_builder":"on","_et_pb_old_content":"<!-- wp:divi\/placeholder \/-->","_et_gb_content_width":"","footnotes":""},"class_list":["post-206","page","type-page","status-publish","hentry"],"acf":[],"_links":{"self":[{"href":"https:\/\/altinolukmakina.com\/tr\/wp-json\/wp\/v2\/pages\/206","targetHints":{"allow":["GET"]}}],"collection":[{"href":"https:\/\/altinolukmakina.com\/tr\/wp-json\/wp\/v2\/pages"}],"about":[{"href":"https:\/\/altinolukmakina.com\/tr\/wp-json\/wp\/v2\/types\/page"}],"author":[{"embeddable":true,"href":"https:\/\/altinolukmakina.com\/tr\/wp-json\/wp\/v2\/users\/1"}],"replies":[{"embeddable":true,"href":"https:\/\/altinolukmakina.com\/tr\/wp-json\/wp\/v2\/comments?post=206"}],"version-history":[{"count":4,"href":"https:\/\/altinolukmakina.com\/tr\/wp-json\/wp\/v2\/pages\/206\/revisions"}],"predecessor-version":[{"id":432,"href":"https:\/\/altinolukmakina.com\/tr\/wp-json\/wp\/v2\/pages\/206\/revisions\/432"}],"wp:attachment":[{"href":"https:\/\/altinolukmakina.com\/tr\/wp-json\/wp\/v2\/media?parent=206"}],"curies":[{"name":"wp","href":"https:\/\/api.w.org\/{rel}","templated":true}]}}