{"id":232,"date":"2023-11-18T08:45:48","date_gmt":"2023-11-18T08:45:48","guid":{"rendered":"https:\/\/altinolukmakina.com\/?page_id=232"},"modified":"2023-11-18T09:01:59","modified_gmt":"2023-11-18T09:01:59","slug":"kalite","status":"publish","type":"page","link":"https:\/\/altinolukmakina.com\/tr\/kalite\/","title":{"rendered":"Kalite"},"content":{"rendered":"<p>[et_pb_section fb_built=&#8221;1&#8243; admin_label=&#8221;section&#8221; _builder_version=&#8221;4.23.1&#8243; background_color=&#8221;#3a3a3a&#8221; background_enable_pattern_style=&#8221;on&#8221; background_pattern_style=&#8221;tufted&#8221; background_pattern_size=&#8221;custom&#8221; background_pattern_width=&#8221;58px&#8221; custom_margin=&#8221;0px||0px||true|false&#8221; custom_padding=&#8221;0px||0px||true|false&#8221; global_colors_info=&#8221;{}&#8221; theme_builder_area=&#8221;post_content&#8221;][et_pb_row _builder_version=&#8221;4.23.1&#8243; _module_preset=&#8221;default&#8221; column_structure=&#8221;1_5,1_5,1_5,1_5,1_5&#8243; theme_builder_area=&#8221;post_content&#8221; module_class=&#8221;three-col-mob&#8221; hover_enabled=&#8221;0&#8243; sticky_enabled=&#8221;0&#8243;][et_pb_column _builder_version=&#8221;4.23.1&#8243; _module_preset=&#8221;default&#8221; type=&#8221;1_5&#8243; theme_builder_area=&#8221;post_content&#8221;][et_pb_image src=&#8221;https:\/\/altinolukmakina.com\/wp-content\/uploads\/2023\/11\/belge-1.webp&#8221; _builder_version=&#8221;4.23.1&#8243; _module_preset=&#8221;default&#8221; theme_builder_area=&#8221;post_content&#8221; title_text=&#8221;belge-1&#8243; hover_enabled=&#8221;0&#8243; sticky_enabled=&#8221;0&#8243; box_shadow_style=&#8221;preset1&#8243; show_in_lightbox=&#8221;on&#8221; animation_style=&#8221;slide&#8221; animation_direction=&#8221;right&#8221; animation_delay=&#8221;100ms&#8221;][\/et_pb_image][\/et_pb_column][et_pb_column _builder_version=&#8221;4.23.1&#8243; _module_preset=&#8221;default&#8221; type=&#8221;1_5&#8243; theme_builder_area=&#8221;post_content&#8221;][et_pb_image src=&#8221;https:\/\/altinolukmakina.com\/wp-content\/uploads\/2023\/11\/belge-4.webp&#8221; _builder_version=&#8221;4.23.1&#8243; _module_preset=&#8221;default&#8221; theme_builder_area=&#8221;post_content&#8221; title_text=&#8221;belge-4&#8243; hover_enabled=&#8221;0&#8243; sticky_enabled=&#8221;0&#8243; box_shadow_style=&#8221;preset1&#8243; show_in_lightbox=&#8221;on&#8221; animation_style=&#8221;slide&#8221; animation_direction=&#8221;right&#8221;][\/et_pb_image][\/et_pb_column][et_pb_column _builder_version=&#8221;4.23.1&#8243; _module_preset=&#8221;default&#8221; type=&#8221;1_5&#8243; theme_builder_area=&#8221;post_content&#8221;][et_pb_image src=&#8221;https:\/\/altinolukmakina.com\/wp-content\/uploads\/2023\/11\/belge-3.webp&#8221; _builder_version=&#8221;4.23.1&#8243; _module_preset=&#8221;default&#8221; theme_builder_area=&#8221;post_content&#8221; title_text=&#8221;belge-3&#8243; hover_enabled=&#8221;0&#8243; sticky_enabled=&#8221;0&#8243; box_shadow_style=&#8221;preset1&#8243; show_in_lightbox=&#8221;on&#8221;][\/et_pb_image][\/et_pb_column][et_pb_column _builder_version=&#8221;4.23.1&#8243; _module_preset=&#8221;default&#8221; type=&#8221;1_5&#8243; theme_builder_area=&#8221;post_content&#8221;][et_pb_image src=&#8221;https:\/\/altinolukmakina.com\/wp-content\/uploads\/2023\/11\/belge-1.webp&#8221; _builder_version=&#8221;4.23.1&#8243; _module_preset=&#8221;default&#8221; theme_builder_area=&#8221;post_content&#8221; title_text=&#8221;belge-1&#8243; hover_enabled=&#8221;0&#8243; sticky_enabled=&#8221;0&#8243; box_shadow_style=&#8221;preset1&#8243; show_in_lightbox=&#8221;on&#8221; animation_style=&#8221;slide&#8221; animation_direction=&#8221;left&#8221;][\/et_pb_image][\/et_pb_column][et_pb_column _builder_version=&#8221;4.23.1&#8243; _module_preset=&#8221;default&#8221; type=&#8221;1_5&#8243; theme_builder_area=&#8221;post_content&#8221;][et_pb_image src=&#8221;https:\/\/altinolukmakina.com\/wp-content\/uploads\/2023\/11\/belge-5.webp&#8221; _builder_version=&#8221;4.23.1&#8243; _module_preset=&#8221;default&#8221; theme_builder_area=&#8221;post_content&#8221; title_text=&#8221;belge-5&#8243; hover_enabled=&#8221;0&#8243; sticky_enabled=&#8221;0&#8243; box_shadow_style=&#8221;preset1&#8243; show_in_lightbox=&#8221;on&#8221; animation_style=&#8221;slide&#8221; animation_direction=&#8221;left&#8221; animation_delay=&#8221;100ms&#8221;][\/et_pb_image][\/et_pb_column][\/et_pb_row][et_pb_row column_structure=&#8221;1_2,1_2&#8243; _builder_version=&#8221;4.23.1&#8243; _module_preset=&#8221;default&#8221; custom_margin=&#8221;||125px||false|false&#8221; hover_enabled=&#8221;0&#8243; global_colors_info=&#8221;{}&#8221; theme_builder_area=&#8221;post_content&#8221; animation_style=&#8221;slide&#8221; animation_direction=&#8221;bottom&#8221; animation_intensity_slide=&#8221;2%&#8221; sticky_enabled=&#8221;0&#8243;][et_pb_column type=&#8221;1_2&#8243; _builder_version=&#8221;4.23.1&#8243; _module_preset=&#8221;default&#8221; global_colors_info=&#8221;{}&#8221; theme_builder_area=&#8221;post_content&#8221;][et_pb_text _builder_version=&#8221;4.23.1&#8243; _module_preset=&#8221;default&#8221; header_font=&#8221;Barlow Condensed|900|||||||&#8221; header_text_color=&#8221;gcid-4bb93bbd-88c4-4646-9ecd-3e2e58456eaf&#8221; header_font_size=&#8221;73px&#8221; hover_enabled=&#8221;0&#8243; global_colors_info=&#8221;{%22gcid-4bb93bbd-88c4-4646-9ecd-3e2e58456eaf%22:%91%22header_text_color%22%93}&#8221; theme_builder_area=&#8221;post_content&#8221; header_2_font=&#8221;Barlow Condensed||||||||&#8221; header_2_text_color=&#8221;#FFFFFF&#8221; header_2_font_size=&#8221;47px&#8221; sticky_enabled=&#8221;0&#8243;]<\/p>\n<h2><strong>Kalitede Yenilik ve G\u00fcven<\/strong><\/h2>\n<h1><strong> ALTINOLUK<br \/>F\u0131r\u0131n Makinalar\u0131<\/strong><\/h1>\n<p>[\/et_pb_text][et_pb_image src=&#8221;https:\/\/altinolukmakina.com\/wp-content\/uploads\/2023\/11\/golden.webp&#8221; _builder_version=&#8221;4.23.1&#8243; _module_preset=&#8221;default&#8221; theme_builder_area=&#8221;post_content&#8221; title_text=&#8221;golden&#8221; hover_enabled=&#8221;0&#8243; sticky_enabled=&#8221;0&#8243; disabled_on=&#8221;on|on|off&#8221;][\/et_pb_image][\/et_pb_column][et_pb_column type=&#8221;1_2&#8243; _builder_version=&#8221;4.23.1&#8243; _module_preset=&#8221;default&#8221; global_colors_info=&#8221;{}&#8221; theme_builder_area=&#8221;post_content&#8221;][et_pb_text _builder_version=&#8221;4.23.1&#8243; _module_preset=&#8221;default&#8221; text_text_color=&#8221;#FFFFFF&#8221; text_font_size=&#8221;17px&#8221; text_line_height=&#8221;1.8em&#8221; hover_enabled=&#8221;0&#8243; global_colors_info=&#8221;{%22gcid-4bb93bbd-88c4-4646-9ecd-3e2e58456eaf%22:%91%22header_text_color%22%93}&#8221; theme_builder_area=&#8221;post_content&#8221; header_font=&#8221;Barlow Condensed||||||||&#8221; header_text_color=&#8221;gcid-4bb93bbd-88c4-4646-9ecd-3e2e58456eaf&#8221; sticky_enabled=&#8221;0&#8243;]<\/p>\n<h1>ALTINOLUK F\u0131r\u0131n Makinalar\u0131 Kalite Politikas\u0131<\/h1>\n<ol>\n<li>\n      <strong>M\u00fc\u015fteri Memnuniyeti:<\/strong><\/p>\n<ul>\n<li>M\u00fc\u015fteri ihtiya\u00e7lar\u0131na uygun \u00fcr\u00fcn ve hizmet sunarak m\u00fc\u015fteri memnuniyetini en \u00fcst d\u00fczeye \u00e7\u0131karmak.<\/li>\n<li>Geri bildirimleri de\u011ferlendirerek s\u00fcrekli iyile\u015ftirme sa\u011flamak ve m\u00fc\u015fteri beklentilerini a\u015fmak.<\/li>\n<\/ul>\n<\/li>\n<li>\n      <strong>Kalite Standartlar\u0131:<\/strong><\/p>\n<ul>\n<li>\u00dcr\u00fcnlerimizin ve hizmetlerimizin \u00fcretiminden sat\u0131\u015f sonras\u0131 hizmetlere kadar olan s\u00fcre\u00e7lerde y\u00fcksek kalite standartlar\u0131n\u0131 korumak.<\/li>\n<li>Ulusal ve uluslararas\u0131 kalite standartlar\u0131na tam uyum sa\u011flamak.<\/li>\n<\/ul>\n<\/li>\n<li>\n      <strong>\u0130novasyon ve S\u00fcrekli \u0130yile\u015ftirme:<\/strong><\/p>\n<ul>\n<li>S\u00fcrekli olarak yeni teknoloji ve en iyi uygulamalar\u0131 takip ederek \u00fcr\u00fcnlerimizi ve s\u00fcre\u00e7lerimizi geli\u015ftirmek.<\/li>\n<li>\u00c7al\u0131\u015fanlar\u0131m\u0131z\u0131n e\u011fitimine yat\u0131r\u0131m yaparak s\u00fcrekli iyile\u015fmeyi te\u015fvik etmek.<\/li>\n<\/ul>\n<\/li>\n<li>\n      <strong>\u00c7al\u0131\u015fan Kat\u0131l\u0131m\u0131:<\/strong><\/p>\n<ul>\n<li>\u00c7al\u0131\u015fanlar\u0131m\u0131z\u0131 kalite politikam\u0131za aktif olarak kat\u0131lmaya te\u015fvik etmek.<\/li>\n<li>Tak\u0131m \u00e7al\u0131\u015fmas\u0131 ve bilgi payla\u015f\u0131m\u0131n\u0131 te\u015fvik ederek kurumsal bir \u00f6\u011frenme k\u00fclt\u00fcr\u00fc olu\u015fturmak.<\/li>\n<\/ul>\n<\/li>\n<li>\n      <strong>\u00c7evresel Duyarl\u0131l\u0131k:<\/strong><\/p>\n<ul>\n<li>\u00c7evre dostu \u00fcretim y\u00f6ntemleri ve malzemeler kullanarak \u00e7evresel etkimizi minimize etmek.<\/li>\n<li>At\u0131klar\u0131 azaltmak ve geri d\u00f6n\u00fc\u015f\u00fcm\u00fc te\u015fvik etmek.<\/li>\n<\/ul>\n<\/li>\n<li>\n      <strong>Yasal ve Etik Uyumluluk:<\/strong><\/p>\n<ul>\n<li>\u0130\u015f eti\u011fi ve yasal d\u00fczenlemelere tam uyum sa\u011flamak.<\/li>\n<li>\u015eeffaf ve d\u00fcr\u00fcst bir i\u015f yapma prensibini benimsemek.<\/li>\n<\/ul>\n<\/li>\n<\/ol>\n<p>\n    Bu kalite politikas\u0131, ALTINOLUK F\u0131r\u0131n Makinalar\u0131&#8217;n\u0131n m\u00fc\u015fterilere g\u00fcvenilir, yenilik\u00e7i ve \u00e7evresel duyarl\u0131 \u00fcr\u00fcnler sunma taahh\u00fcd\u00fcn\u00fc yans\u0131tmaktad\u0131r. Her d\u00fczeydeki \u00e7al\u0131\u015fan\u0131m\u0131z, bu politikay\u0131 benimseyerek i\u015f s\u00fcre\u00e7lerimizi s\u00fcrekli olarak iyile\u015ftirme ve m\u00fc\u015fteri memnuniyetini art\u0131rma \u00e7abas\u0131 i\u00e7inde yer almaktad\u0131r.\n  <\/p>\n<p>[\/et_pb_text][\/et_pb_column][\/et_pb_row][\/et_pb_section]<\/p>\n","protected":false},"excerpt":{"rendered":"<p>Kalitede Yenilik ve G\u00fcven ALTINOLUKF\u0131r\u0131n Makinalar\u0131ALTINOLUK F\u0131r\u0131n Makinalar\u0131 Kalite Politikas\u0131 M\u00fc\u015fteri Memnuniyeti: M\u00fc\u015fteri ihtiya\u00e7lar\u0131na uygun \u00fcr\u00fcn ve hizmet sunarak m\u00fc\u015fteri memnuniyetini en \u00fcst d\u00fczeye \u00e7\u0131karmak. Geri bildirimleri de\u011ferlendirerek s\u00fcrekli iyile\u015ftirme sa\u011flamak ve m\u00fc\u015fteri beklentilerini a\u015fmak. Kalite Standartlar\u0131: \u00dcr\u00fcnlerimizin ve hizmetlerimizin \u00fcretiminden sat\u0131\u015f sonras\u0131 hizmetlere kadar olan s\u00fcre\u00e7lerde y\u00fcksek kalite standartlar\u0131n\u0131 korumak. Ulusal ve uluslararas\u0131 kalite [&hellip;]<\/p>\n","protected":false},"author":1,"featured_media":0,"parent":0,"menu_order":0,"comment_status":"closed","ping_status":"closed","template":"","meta":{"_et_pb_use_builder":"on","_et_pb_old_content":"<!-- wp:divi\/placeholder \/-->","_et_gb_content_width":"","footnotes":""},"class_list":["post-232","page","type-page","status-publish","hentry"],"acf":[],"_links":{"self":[{"href":"https:\/\/altinolukmakina.com\/tr\/wp-json\/wp\/v2\/pages\/232","targetHints":{"allow":["GET"]}}],"collection":[{"href":"https:\/\/altinolukmakina.com\/tr\/wp-json\/wp\/v2\/pages"}],"about":[{"href":"https:\/\/altinolukmakina.com\/tr\/wp-json\/wp\/v2\/types\/page"}],"author":[{"embeddable":true,"href":"https:\/\/altinolukmakina.com\/tr\/wp-json\/wp\/v2\/users\/1"}],"replies":[{"embeddable":true,"href":"https:\/\/altinolukmakina.com\/tr\/wp-json\/wp\/v2\/comments?post=232"}],"version-history":[{"count":6,"href":"https:\/\/altinolukmakina.com\/tr\/wp-json\/wp\/v2\/pages\/232\/revisions"}],"predecessor-version":[{"id":244,"href":"https:\/\/altinolukmakina.com\/tr\/wp-json\/wp\/v2\/pages\/232\/revisions\/244"}],"wp:attachment":[{"href":"https:\/\/altinolukmakina.com\/tr\/wp-json\/wp\/v2\/media?parent=232"}],"curies":[{"name":"wp","href":"https:\/\/api.w.org\/{rel}","templated":true}]}}