{"id":246,"date":"2023-11-18T09:07:58","date_gmt":"2023-11-18T09:07:58","guid":{"rendered":"https:\/\/altinolukmakina.com\/?post_type=product&#038;p=246"},"modified":"2025-01-22T13:44:07","modified_gmt":"2025-01-22T13:44:07","slug":"golden-doner-arabali-firin-elektrikli","status":"publish","type":"product","link":"https:\/\/altinolukmakina.com\/tr\/product\/golden-doner-arabali-firin-elektrikli\/","title":{"rendered":"GOLDEN D\u00d6NER ARABALI FIRIN ELEKTR\u0130KL\u0130"},"content":{"rendered":"<h4>Verimli Is\u0131 Da\u011f\u0131l\u0131m\u0131<\/h4>\n<p>F\u0131r\u0131n, pi\u015firme odas\u0131 boyunca \u0131s\u0131y\u0131 homojen olarak da\u011f\u0131tan dikkatle tasarlanm\u0131\u015f \u0131s\u0131 de\u011fi\u015ftiricileri ile donat\u0131lm\u0131\u015ft\u0131r. Bu, istikrarl\u0131 ve eksiksiz pi\u015firme sa\u011flar, istenen \u00fcr\u00fcn kalitesinin elde edilmesini temin eder.<\/p>\n<p>&nbsp;<\/p>\n<h4>Enerji Verimlili\u011fi:<\/h4>\n<p>Geli\u015fmi\u015f tasar\u0131m\u0131 sayesinde, benzer modellere g\u00f6re \u00f6nemli \u00f6l\u00e7\u00fcde daha az enerji t\u00fcketerek \u00e7al\u0131\u015f\u0131r. Bu, i\u015fletme maliyetlerini azaltman\u0131n yan\u0131 s\u0131ra \u00e7evresel s\u00fcrd\u00fcr\u00fclebilirli\u011fe katk\u0131 sa\u011flar.<\/p>\n<p>&nbsp;<\/p>\n<h4>\u00c7ift Y\u00f6nl\u00fc Kasetli Buhar Sistemi:<\/h4>\n<p>F\u0131r\u0131n, \u00e7ift y\u00f6nl\u00fc kasetli buhar sistemi i\u00e7erir, bu sistem b\u00fcy\u00fck miktarda buhar \u00fcretir. Bu buhar, f\u0131r\u0131n odas\u0131 boyunca e\u015fit bir \u015fekilde da\u011f\u0131t\u0131l\u0131r, her seviye ve y\u00fczeyin yeterli nem almas\u0131n\u0131 sa\u011flar. Bu, pi\u015fmi\u015f \u00fcr\u00fcnlerde istenen dokuyu ve kabu\u011fu elde etmek i\u00e7in \u00f6nemlidir.<\/p>\n<p>&nbsp;<\/p>\n","protected":false},"excerpt":{"rendered":"<p>Alt\u0131noluk D\u00f6ner Arabal\u0131 F\u0131r\u0131n, y\u00fcksek performans\u0131 sa\u011flayan iyi tasarlanm\u0131\u015f \u0131s\u0131 de\u011fi\u015ftiricileri ile etkili \u0131s\u0131 da\u011f\u0131l\u0131m\u0131n\u0131 garanti eder. Benzer modellere g\u00f6re daha az enerji t\u00fcketimi ile istenilen \u00fcr\u00fcn kalitesinin elde edilmesini sa\u011flar.<\/p>\n<p><img decoding=\"async\" class=\"alignnone size-medium wp-image-247\" src=\"https:\/\/altinolukmakina.com\/wp-content\/uploads\/2023\/11\/0-5.webp\" alt=\"\" width=\"100%\" height=\"auto\" srcset=\"https:\/\/altinolukmakina.com\/wp-content\/uploads\/2023\/11\/0-5.webp 600w, https:\/\/altinolukmakina.com\/wp-content\/uploads\/2023\/11\/0-5-480x136.webp 480w\" sizes=\"(min-width: 0px) and (max-width: 480px) 480px, (min-width: 481px) 600px, 100vw\" \/><\/p>\n","protected":false},"featured_media":449,"comment_status":"open","ping_status":"closed","template":"","meta":{"_et_pb_use_builder":"","_et_pb_old_content":"","_et_gb_content_width":""},"product_cat":[18],"product_tag":[],"class_list":["post-246","product","type-product","status-publish","has-post-thumbnail","hentry","product_cat-firin-grubu"],"acf":[],"_links":{"self":[{"href":"https:\/\/altinolukmakina.com\/tr\/wp-json\/wp\/v2\/product\/246","targetHints":{"allow":["GET"]}}],"collection":[{"href":"https:\/\/altinolukmakina.com\/tr\/wp-json\/wp\/v2\/product"}],"about":[{"href":"https:\/\/altinolukmakina.com\/tr\/wp-json\/wp\/v2\/types\/product"}],"replies":[{"embeddable":true,"href":"https:\/\/altinolukmakina.com\/tr\/wp-json\/wp\/v2\/comments?post=246"}],"wp:featuredmedia":[{"embeddable":true,"href":"https:\/\/altinolukmakina.com\/tr\/wp-json\/wp\/v2\/media\/449"}],"wp:attachment":[{"href":"https:\/\/altinolukmakina.com\/tr\/wp-json\/wp\/v2\/media?parent=246"}],"wp:term":[{"taxonomy":"product_cat","embeddable":true,"href":"https:\/\/altinolukmakina.com\/tr\/wp-json\/wp\/v2\/product_cat?post=246"},{"taxonomy":"product_tag","embeddable":true,"href":"https:\/\/altinolukmakina.com\/tr\/wp-json\/wp\/v2\/product_tag?post=246"}],"curies":[{"name":"wp","href":"https:\/\/api.w.org\/{rel}","templated":true}]}}