{"id":273,"date":"2023-11-18T10:03:59","date_gmt":"2023-11-18T10:03:59","guid":{"rendered":"https:\/\/altinolukmakina.com\/?post_type=product&#038;p=273"},"modified":"2023-11-18T10:08:51","modified_gmt":"2023-11-18T10:08:51","slug":"slim-konveksiyonlu-firin","status":"publish","type":"product","link":"https:\/\/altinolukmakina.com\/tr\/product\/slim-konveksiyonlu-firin\/","title":{"rendered":"SLIM KONVEKS\u0130YONLU FIRIN"},"content":{"rendered":"<h4>H\u0131zl\u0131 ve E\u015fit Pi\u015firme<\/h4>\n<p>Alt\u0131noluk Konveksiyonlu f\u0131r\u0131n, fanlar yard\u0131m\u0131yla s\u0131cak hava dola\u015f\u0131m\u0131n\u0131 art\u0131r\u0131r, bu da yiyeceklerin daha h\u0131zl\u0131 ve e\u015fit pi\u015fmesini sa\u011flar.<\/p>\n<p>&nbsp;<\/p>\n<h4>\u00c7ok Y\u00f6nl\u00fc Kullan\u0131m<\/h4>\n<p>Pastalar, b\u00f6rekler, sandvi\u00e7 ekmekleri ve daha bir\u00e7ok \u00fcr\u00fcn\u00fcn pi\u015firilmesinde kullan\u0131labilirler.<\/p>\n<p>&nbsp;<\/p>\n<h4>Kolay Temizlik<\/h4>\n<p>Genellikle paslanmaz \u00e7elik i\u00e7 y\u00fczeylere sahiptirler ve bu nedenle temizli\u011fi kolayd\u0131r.<\/p>\n<p>&nbsp;<\/p>\n<h4>Y\u00fcksek \u00dcretkenlik<\/h4>\n<p>H\u0131zl\u0131 pi\u015firme s\u00fcreleri ve birden fazla raf seviyesi, ayn\u0131 anda daha fazla \u00fcr\u00fcn\u00fc pi\u015firme kapasitesini art\u0131r\u0131r.<\/p>\n","protected":false},"excerpt":{"rendered":"<p>Alt\u0131noluk konveksiyonlu f\u0131r\u0131nlar, pastanelerden restoranlara, otellere ve k\u00fc\u00e7\u00fck f\u0131r\u0131nlara kadar geni\u015f bir yelpazede kullan\u0131lan profesyonel mutfak ekipman\u0131d\u0131r. \u00d6zellikle k\u00fc\u00e7\u00fck \u00f6l\u00e7ekli pasta, b\u00f6rek ve sandvi\u00e7 ekmek \u00fcretimi i\u00e7in m\u00fckemmel bir se\u00e7enek sunar.<\/p>\n<p><img loading=\"lazy\" decoding=\"async\" class=\"alignnone size-medium wp-image-274\" src=\"https:\/\/altinolukmakina.com\/wp-content\/uploads\/2023\/11\/0-5-2-300x57.webp\" alt=\"\" width=\"300\" height=\"57\" \/><\/p>\n","protected":false},"featured_media":269,"comment_status":"open","ping_status":"closed","template":"","meta":{"_et_pb_use_builder":"","_et_pb_old_content":"","_et_gb_content_width":""},"product_cat":[18],"product_tag":[],"class_list":["post-273","product","type-product","status-publish","has-post-thumbnail","hentry","product_cat-firin-grubu"],"acf":[],"_links":{"self":[{"href":"https:\/\/altinolukmakina.com\/tr\/wp-json\/wp\/v2\/product\/273","targetHints":{"allow":["GET"]}}],"collection":[{"href":"https:\/\/altinolukmakina.com\/tr\/wp-json\/wp\/v2\/product"}],"about":[{"href":"https:\/\/altinolukmakina.com\/tr\/wp-json\/wp\/v2\/types\/product"}],"replies":[{"embeddable":true,"href":"https:\/\/altinolukmakina.com\/tr\/wp-json\/wp\/v2\/comments?post=273"}],"wp:featuredmedia":[{"embeddable":true,"href":"https:\/\/altinolukmakina.com\/tr\/wp-json\/wp\/v2\/media\/269"}],"wp:attachment":[{"href":"https:\/\/altinolukmakina.com\/tr\/wp-json\/wp\/v2\/media?parent=273"}],"wp:term":[{"taxonomy":"product_cat","embeddable":true,"href":"https:\/\/altinolukmakina.com\/tr\/wp-json\/wp\/v2\/product_cat?post=273"},{"taxonomy":"product_tag","embeddable":true,"href":"https:\/\/altinolukmakina.com\/tr\/wp-json\/wp\/v2\/product_tag?post=273"}],"curies":[{"name":"wp","href":"https:\/\/api.w.org\/{rel}","templated":true}]}}