{"id":286,"date":"2023-11-18T10:42:40","date_gmt":"2023-11-18T10:42:40","guid":{"rendered":"https:\/\/altinolukmakina.com\/?post_type=product&#038;p=286"},"modified":"2024-09-19T23:22:38","modified_gmt":"2024-09-19T23:22:38","slug":"sabit-kazanli-otomatik-spiral-mikser","status":"publish","type":"product","link":"https:\/\/altinolukmakina.com\/tr\/product\/sabit-kazanli-otomatik-spiral-mikser\/","title":{"rendered":"SAB\u0130T KAZANLI OTOMAT\u0130K SP\u0130RAL M\u0130KSER"},"content":{"rendered":"<h4>Sessiz \u00c7al\u0131\u015fma<\/h4>\n<p>Kay\u0131\u015f kasnak sistemi sayesinde bu makine sessiz bir \u015fekilde \u00e7al\u0131\u015f\u0131r, i\u015fyerindeki g\u00fcr\u00fclt\u00fcy\u00fc minimumda tutar ve rahat bir \u00e7al\u0131\u015fma ortam\u0131 sunar.<\/p>\n<h4><\/h4>\n<h4>\u00c7ift Devirli Motor<\/h4>\n<p>\u0130ki h\u0131z seviyesi sunan \u00e7ift devirli motor, farkl\u0131 hamur t\u00fcrlerine uygun yo\u011furma sa\u011flar.<\/p>\n<h4><\/h4>\n<h4>G\u00fcvenlik Fonksiyonlar\u0131<\/h4>\n<p>Acil durdurma fonksiyonu ve kazan kapa\u011f\u0131ndaki g\u00fcvenlik sistemi kullan\u0131c\u0131lar\u0131n g\u00fcvenli\u011fini sa\u011flar.<\/p>\n<h4><\/h4>\n<h4>Paslanmaz \u00c7elik Malzeme<\/h4>\n<p>Kazan, spiral kol ve kesme b\u0131\u00e7a\u011f\u0131 y\u00fcksek kaliteli paslanmaz \u00e7elikten \u00fcretilmi\u015ftir, uzun \u00f6m\u00fcrl\u00fcd\u00fcr ve hijyenik bir ortam sa\u011flar.<\/p>\n<p>&nbsp;<\/p>\n","protected":false},"excerpt":{"rendered":"<p>Spiral hamur yo\u011furma makineleri, f\u0131r\u0131n ve pastanelerde yo\u011furma i\u015flemini h\u0131zland\u0131rarak tercih edilen bir ekipmand\u0131r. Bu makineler ayn\u0131 zamanda daha homojen bir hamur kar\u0131\u015f\u0131m\u0131 olu\u015fturur ve bu da ekme\u011fin daha b\u00fcy\u00fck ve lezzetli olmas\u0131n\u0131 sa\u011flar.<\/p>\n<p>Spiral hamur yo\u011furma makineleri, hamur i\u015fleri \u00fcreten i\u015fletmeler i\u00e7in vazge\u00e7ilmez bir ara\u00e7t\u0131r. Hem manuel hem de otomatik \u00e7al\u0131\u015fma se\u00e7enekleri sunar ve \u00e7e\u015fitli zaman ayarlar\u0131 ile kullan\u0131c\u0131lar\u0131n ihtiya\u00e7lar\u0131na uyum sa\u011flar.<\/p>\n<p><img decoding=\"async\" class=\"alignnone size-medium wp-image-288\" src=\"https:\/\/altinolukmakina.com\/wp-content\/uploads\/2023\/11\/0-5-5.webp\" alt=\"\" width=\"100%\" height=\"auto\" srcset=\"https:\/\/altinolukmakina.com\/wp-content\/uploads\/2023\/11\/0-5-5.webp 670w, https:\/\/altinolukmakina.com\/wp-content\/uploads\/2023\/11\/0-5-5-480x138.webp 480w\" sizes=\"(min-width: 0px) and (max-width: 480px) 480px, (min-width: 481px) 670px, 100vw\" \/><\/p>\n","protected":false},"featured_media":445,"comment_status":"open","ping_status":"closed","template":"","meta":{"_et_pb_use_builder":"","_et_pb_old_content":"","_et_gb_content_width":""},"product_cat":[19],"product_tag":[],"class_list":["post-286","product","type-product","status-publish","has-post-thumbnail","hentry","product_cat-yogurma-grubu"],"acf":[],"_links":{"self":[{"href":"https:\/\/altinolukmakina.com\/tr\/wp-json\/wp\/v2\/product\/286","targetHints":{"allow":["GET"]}}],"collection":[{"href":"https:\/\/altinolukmakina.com\/tr\/wp-json\/wp\/v2\/product"}],"about":[{"href":"https:\/\/altinolukmakina.com\/tr\/wp-json\/wp\/v2\/types\/product"}],"replies":[{"embeddable":true,"href":"https:\/\/altinolukmakina.com\/tr\/wp-json\/wp\/v2\/comments?post=286"}],"wp:featuredmedia":[{"embeddable":true,"href":"https:\/\/altinolukmakina.com\/tr\/wp-json\/wp\/v2\/media\/445"}],"wp:attachment":[{"href":"https:\/\/altinolukmakina.com\/tr\/wp-json\/wp\/v2\/media?parent=286"}],"wp:term":[{"taxonomy":"product_cat","embeddable":true,"href":"https:\/\/altinolukmakina.com\/tr\/wp-json\/wp\/v2\/product_cat?post=286"},{"taxonomy":"product_tag","embeddable":true,"href":"https:\/\/altinolukmakina.com\/tr\/wp-json\/wp\/v2\/product_tag?post=286"}],"curies":[{"name":"wp","href":"https:\/\/api.w.org\/{rel}","templated":true}]}}