{"id":300,"date":"2023-11-18T11:25:14","date_gmt":"2023-11-18T11:25:14","guid":{"rendered":"https:\/\/altinolukmakina.com\/?post_type=product&#038;p=300"},"modified":"2023-11-18T11:36:56","modified_gmt":"2023-11-18T11:36:56","slug":"hamur-yogurma-makinesi","status":"publish","type":"product","link":"https:\/\/altinolukmakina.com\/tr\/product\/hamur-yogurma-makinesi\/","title":{"rendered":"HAMUR YO\u011eURMA MAK\u0130NES\u0130"},"content":{"rendered":"<h4>Sessiz \u00c7al\u0131\u015fma<\/h4>\n<p>Kay\u0131\u015f kasnak sistemi sayesinde bu makine sessiz bir \u015fekilde \u00e7al\u0131\u015f\u0131r, i\u015fyerindeki g\u00fcr\u00fclt\u00fcy\u00fc minimumda tutar ve rahat bir \u00e7al\u0131\u015fma ortam\u0131 sunar.<\/p>\n<p>&nbsp;<\/p>\n<h4>\u00d6zel Yo\u011furma \u00c7atal\u0131<\/h4>\n<p>\u00d6zel yo\u011furma \u00e7atal\u0131 sayesinde hamuru \u0131s\u0131tmadan ve \u00f6zelli\u011fini bozmadan elde yo\u011frulmu\u015f kalitede hamur yo\u011furur.<\/p>\n<p>&nbsp;<\/p>\n<h4>G\u00fcvenlik Fonksiyonlar\u0131<\/h4>\n<p>Acil durdurma fonksiyonu ve kazan kapa\u011f\u0131ndaki g\u00fcvenlik sistemi kullan\u0131c\u0131lar\u0131n g\u00fcvenli\u011fini sa\u011flar<\/p>\n<p>&nbsp;<\/p>\n<h4>Paslanmaz \u00c7elik Malzeme<\/h4>\n<p>Kazan, spiral kol ve kesme b\u0131\u00e7a\u011f\u0131 y\u00fcksek kaliteli paslanmaz \u00e7elikten \u00fcretilmi\u015ftir, uzun \u00f6m\u00fcrl\u00fcd\u00fcr ve hijyenik bir ortam sa\u011flar.<\/p>\n","protected":false},"excerpt":{"rendered":"<p>Hamur yo\u011furma makinas\u0131 her \u00e7e\u015fit hamur yo\u011furmaya uygun olarak tasarlanm\u0131\u015ft\u0131r. Yo\u011furma \u00e7atal\u0131 ve kazan paslanmaz \u00e7elikten imal edilmi\u015ftir.<\/p>\n<p>\u00d6zel geli\u015ftirilmi\u015f yo\u011furma \u00e7atal\u0131 sayesinde hamuru \u0131s\u0131tmadan ve \u00f6zelli\u011fini bozmadan elde yo\u011frulmu\u015f kalitede hamur yo\u011furur. Temizli\u011fi ve bak\u0131m\u0131 \u00e7ok kolay olup denge ayaklar\u0131yla makinenin zeminde dengesi sa\u011flanm\u0131\u015ft\u0131r. Makinan\u0131n sade yap\u0131da olu\u015fu \u00e7al\u0131\u015fma \u00f6mr\u00fcn\u00fc art\u0131r\u0131r.<\/p>\n<p><img decoding=\"async\" class=\"alignnone size-medium wp-image-304\" src=\"https:\/\/altinolukmakina.com\/wp-content\/uploads\/2023\/11\/0-5-6.webp\" alt=\"\" width=\"100%\" height=\"auto\" srcset=\"https:\/\/altinolukmakina.com\/wp-content\/uploads\/2023\/11\/0-5-6.webp 670w, https:\/\/altinolukmakina.com\/wp-content\/uploads\/2023\/11\/0-5-6-480x138.webp 480w\" sizes=\"(min-width: 0px) and (max-width: 480px) 480px, (min-width: 481px) 670px, 100vw\" \/><\/p>\n","protected":false},"featured_media":301,"comment_status":"open","ping_status":"closed","template":"","meta":{"_et_pb_use_builder":"","_et_pb_old_content":"","_et_gb_content_width":""},"product_cat":[19],"product_tag":[],"class_list":["post-300","product","type-product","status-publish","has-post-thumbnail","hentry","product_cat-yogurma-grubu"],"acf":[],"_links":{"self":[{"href":"https:\/\/altinolukmakina.com\/tr\/wp-json\/wp\/v2\/product\/300","targetHints":{"allow":["GET"]}}],"collection":[{"href":"https:\/\/altinolukmakina.com\/tr\/wp-json\/wp\/v2\/product"}],"about":[{"href":"https:\/\/altinolukmakina.com\/tr\/wp-json\/wp\/v2\/types\/product"}],"replies":[{"embeddable":true,"href":"https:\/\/altinolukmakina.com\/tr\/wp-json\/wp\/v2\/comments?post=300"}],"wp:featuredmedia":[{"embeddable":true,"href":"https:\/\/altinolukmakina.com\/tr\/wp-json\/wp\/v2\/media\/301"}],"wp:attachment":[{"href":"https:\/\/altinolukmakina.com\/tr\/wp-json\/wp\/v2\/media?parent=300"}],"wp:term":[{"taxonomy":"product_cat","embeddable":true,"href":"https:\/\/altinolukmakina.com\/tr\/wp-json\/wp\/v2\/product_cat?post=300"},{"taxonomy":"product_tag","embeddable":true,"href":"https:\/\/altinolukmakina.com\/tr\/wp-json\/wp\/v2\/product_tag?post=300"}],"curies":[{"name":"wp","href":"https:\/\/api.w.org\/{rel}","templated":true}]}}