{"id":306,"date":"2023-11-18T11:43:38","date_gmt":"2023-11-18T11:43:38","guid":{"rendered":"https:\/\/altinolukmakina.com\/?post_type=product&#038;p=306"},"modified":"2023-11-18T11:53:57","modified_gmt":"2023-11-18T11:53:57","slug":"hamur-kesme-tartma-makinesi","status":"publish","type":"product","link":"https:\/\/altinolukmakina.com\/tr\/product\/hamur-kesme-tartma-makinesi\/","title":{"rendered":"HAMUR KESME-TARTMA MAK\u0130NES\u0130"},"content":{"rendered":"<h4>Hassas Kesme Yetene\u011fi<\/h4>\n<p>Kesme-tartma makinesi, hamuru istenilen gramajda hassas bir \u015fekilde kesme yetene\u011fi sunar. Bu, \u00fcr\u00fcnlerin tutarl\u0131l\u0131k ve kalite a\u00e7\u0131s\u0131ndan y\u00fcksek standartlarda \u00fcretilmesini sa\u011flar.<\/p>\n<h4>Vakum Teknolojisi<\/h4>\n<p>Hamuru kesmek i\u00e7in kullan\u0131lan vakum sistemi, hamurun kendi a\u011f\u0131rl\u0131\u011f\u0131yla piston-silindir hareketiyle \u00e7al\u0131\u015f\u0131r. Bu sayede hamurun s\u0131k\u0131\u015ft\u0131r\u0131lmas\u0131 veya y\u0131prat\u0131lmas\u0131 \u00f6nlenir, \u00fcr\u00fcn kalitesi korunur.<\/p>\n<h4>Otomatik Ya\u011flama Sistemi<\/h4>\n<p>Makine, otomatik ya\u011flama sistemi sayesinde d\u00fczenli olarak ya\u011flan\u0131r. Bu, bak\u0131m gereksinimini azalt\u0131r ve makinenin uzun \u00f6m\u00fcrl\u00fc olmas\u0131n\u0131 sa\u011flar.<\/p>\n<h4>G\u0131da Uyumlu Ya\u011flama<\/h4>\n<p>T\u00fcm temas y\u00fczeyleri g\u0131da uyumlu ya\u011f ile kaplan\u0131r. Bu, \u00fcr\u00fcnlerin hijyenik bir \u015fekilde \u00fcretilmesini garanti eder ve g\u0131da g\u00fcvenli\u011fini \u00f6n planda tutar.<\/p>\n","protected":false},"excerpt":{"rendered":"<p>Kesme-tartma makinesi, hamur i\u015fleri \u00fcretiminde kritik bir rol oynayan bir cihazd\u0131r. Bu makine, hamuru s\u0131k\u0131\u015ft\u0131rmadan ve zarar vermeden, istenilen gramajda kesme yetene\u011fi sunar. \u00dcr\u00fcn\u00fcn g\u00fcvenli\u011fi ve hijyeni a\u00e7\u0131s\u0131ndan hamurun temas etti\u011fi t\u00fcm y\u00fczeyler paslanmaz \u00e7elikten imal edilmi\u015ftir. Bu, sa\u011fl\u0131kl\u0131 ve hijyenik bir \u00fcretim ortam\u0131 sa\u011flar.<\/p>\n<p><img loading=\"lazy\" decoding=\"async\" class=\"alignleft size-full wp-image-307\" src=\"https:\/\/altinolukmakina.com\/wp-content\/uploads\/2023\/11\/0-5-7.webp\" alt=\"\" width=\"670\" height=\"193\" srcset=\"https:\/\/altinolukmakina.com\/wp-content\/uploads\/2023\/11\/0-5-7.webp 670w, https:\/\/altinolukmakina.com\/wp-content\/uploads\/2023\/11\/0-5-7-480x138.webp 480w\" sizes=\"auto, (min-width: 0px) and (max-width: 480px) 480px, (min-width: 481px) 670px, 100vw\" \/><\/p>\n","protected":false},"featured_media":308,"comment_status":"open","ping_status":"closed","template":"","meta":{"_et_pb_use_builder":"","_et_pb_old_content":"","_et_gb_content_width":""},"product_cat":[20],"product_tag":[],"class_list":["post-306","product","type-product","status-publish","has-post-thumbnail","hentry","product_cat-hamur-isleme"],"acf":[],"_links":{"self":[{"href":"https:\/\/altinolukmakina.com\/tr\/wp-json\/wp\/v2\/product\/306","targetHints":{"allow":["GET"]}}],"collection":[{"href":"https:\/\/altinolukmakina.com\/tr\/wp-json\/wp\/v2\/product"}],"about":[{"href":"https:\/\/altinolukmakina.com\/tr\/wp-json\/wp\/v2\/types\/product"}],"replies":[{"embeddable":true,"href":"https:\/\/altinolukmakina.com\/tr\/wp-json\/wp\/v2\/comments?post=306"}],"wp:featuredmedia":[{"embeddable":true,"href":"https:\/\/altinolukmakina.com\/tr\/wp-json\/wp\/v2\/media\/308"}],"wp:attachment":[{"href":"https:\/\/altinolukmakina.com\/tr\/wp-json\/wp\/v2\/media?parent=306"}],"wp:term":[{"taxonomy":"product_cat","embeddable":true,"href":"https:\/\/altinolukmakina.com\/tr\/wp-json\/wp\/v2\/product_cat?post=306"},{"taxonomy":"product_tag","embeddable":true,"href":"https:\/\/altinolukmakina.com\/tr\/wp-json\/wp\/v2\/product_tag?post=306"}],"curies":[{"name":"wp","href":"https:\/\/api.w.org\/{rel}","templated":true}]}}