{"id":322,"date":"2023-11-18T12:08:55","date_gmt":"2023-11-18T12:08:55","guid":{"rendered":"https:\/\/altinolukmakina.com\/?post_type=product&#038;p=322"},"modified":"2023-11-18T12:16:57","modified_gmt":"2023-11-18T12:16:57","slug":"hamur-yuvarlama-makinesi","status":"publish","type":"product","link":"https:\/\/altinolukmakina.com\/tr\/product\/hamur-yuvarlama-makinesi\/","title":{"rendered":"HAMUR YUVARLAMA MAK\u0130NES\u0130"},"content":{"rendered":"<h4>Yeni Red\u00fckt\u00f6r Sistemi<\/h4>\n<p>Yenilik\u00e7i red\u00fckt\u00f6r sistemi, daha y\u00fcksek kalitede ve verimli bir \u00e7al\u0131\u015fma sunar, \u00fcretim s\u00fcre\u00e7lerini iyile\u015ftirir.<\/p>\n<h4>Hamur Ta\u015f\u0131ma Verimlili\u011fi<\/h4>\n<p>Hamur, makineye beslenirken d\u00fczg\u00fcn bir \u015fekilde ta\u015f\u0131n\u0131r ve i\u015flenir, b\u00f6ylece \u00fcr\u00fcn kalitesi korunur.<\/p>\n<h4>Geni\u015f \u00dcr\u00fcn Aral\u0131\u011f\u0131<\/h4>\n<p>Standart ve ayarlanabilir kollarla farkl\u0131 gramajlarda hamurlara \u015fekil verebilme imkan\u0131.<\/p>\n","protected":false},"excerpt":{"rendered":"<p>Konik yuvarlama makinesi al\u00fcminyumdan \u00fcretilen bir konik ve etraf\u0131ndaki spiral \u015feklinde dola\u015fan al\u00fcminyum kollar sayesinde hamura \u015fekil verir. Kesme &#8211; tartma makinesinden gelen hamur al\u00fcminyum giri\u015f olu\u011funa d\u00fc\u015fer. Yuvarlanma tamburu ve y\u00f6nlendirici oluklar sayesinde yuvarlak \u015fekil alarak dinlendirme makinesine ula\u015f\u0131r. Bu arada un eleme tertibat\u0131yla hamurun bo\u015faltma olu\u011funa yap\u0131\u015fmas\u0131 \u00f6nlenir. \u0130ste\u011fe g\u00f6re havaland\u0131rma tertibat\u0131 sayesinde oluklara hava \u00fcflenerek hamurun tambura yap\u0131\u015fmas\u0131 da \u00f6nlenmi\u015f olur.<\/p>\n<p>B\u00fct\u00fcn al\u00fcminyum aksam iste\u011fe ba\u011fl\u0131 olarak teflonla kaplanabilir. Standart 30 gr ila 1500 gr aras\u0131 5 \u00e7e\u015fit hamur \u015fekil veren makine ve ayarlanan kollarla 200-1500 gr aras\u0131 hamura \u015fekil veren makine \u00fcretilmektedir. Makinalar\u0131m\u0131z\u0131n yeni red\u00fckt\u00f6r sistemi sayesinde daha kaliteli bir \u00e7al\u0131\u015fma sa\u011flanmaktad\u0131r.<\/p>\n","protected":false},"featured_media":323,"comment_status":"open","ping_status":"closed","template":"","meta":{"_et_pb_use_builder":"","_et_pb_old_content":"","_et_gb_content_width":""},"product_cat":[20],"product_tag":[],"class_list":["post-322","product","type-product","status-publish","has-post-thumbnail","hentry","product_cat-hamur-isleme"],"acf":[],"_links":{"self":[{"href":"https:\/\/altinolukmakina.com\/tr\/wp-json\/wp\/v2\/product\/322","targetHints":{"allow":["GET"]}}],"collection":[{"href":"https:\/\/altinolukmakina.com\/tr\/wp-json\/wp\/v2\/product"}],"about":[{"href":"https:\/\/altinolukmakina.com\/tr\/wp-json\/wp\/v2\/types\/product"}],"replies":[{"embeddable":true,"href":"https:\/\/altinolukmakina.com\/tr\/wp-json\/wp\/v2\/comments?post=322"}],"wp:featuredmedia":[{"embeddable":true,"href":"https:\/\/altinolukmakina.com\/tr\/wp-json\/wp\/v2\/media\/323"}],"wp:attachment":[{"href":"https:\/\/altinolukmakina.com\/tr\/wp-json\/wp\/v2\/media?parent=322"}],"wp:term":[{"taxonomy":"product_cat","embeddable":true,"href":"https:\/\/altinolukmakina.com\/tr\/wp-json\/wp\/v2\/product_cat?post=322"},{"taxonomy":"product_tag","embeddable":true,"href":"https:\/\/altinolukmakina.com\/tr\/wp-json\/wp\/v2\/product_tag?post=322"}],"curies":[{"name":"wp","href":"https:\/\/api.w.org\/{rel}","templated":true}]}}