{"id":330,"date":"2023-11-18T12:21:42","date_gmt":"2023-11-18T12:21:42","guid":{"rendered":"https:\/\/altinolukmakina.com\/?post_type=product&#038;p=330"},"modified":"2023-11-18T12:25:17","modified_gmt":"2023-11-18T12:25:17","slug":"hamur-dinlendirme","status":"publish","type":"product","link":"https:\/\/altinolukmakina.com\/tr\/product\/hamur-dinlendirme\/","title":{"rendered":"HAMUR D\u0130NLEND\u0130RME"},"content":{"rendered":"<h4>Esnek Dinlendirme S\u00fcresi Ayar\u0131<\/h4>\n<p>Hamur dinlendirme makinesi, dinlendirme s\u00fcresini \u00fcreticinin taleplerine g\u00f6re ayarlayabilme esnekli\u011fi sunar. Bu, farkl\u0131 hamur t\u00fcrlerine ve \u00fcr\u00fcnlerin \u00f6zelliklerine uygun \u00fcretim sa\u011flar.<\/p>\n<h4>Plastik Filtreler<\/h4>\n<p>Temizlik kolayl\u0131\u011f\u0131 i\u00e7in \u00e7\u0131kar\u0131labilen plastik fileler kullan\u0131l\u0131r. Bu fileler, 100-1500 gram aras\u0131nda hamur ta\u015f\u0131ma kapasitesine sahiptir, b\u00f6ylece \u00e7e\u015fitli hamur gramajlar\u0131na uygun \u00e7al\u0131\u015fabilir.<\/p>\n<h4>Kayar \u00c7\u0131k\u0131\u015f Bant\u0131<\/h4>\n<p>\u00c7\u0131k\u0131\u015f band\u0131, sa\u011f ve sol \u00e7\u0131k\u0131\u015flar i\u00e7in kayar mekanizmal\u0131 olarak konumland\u0131r\u0131lm\u0131\u015ft\u0131r. Bu, \u00fcr\u00fcnlerin kolayca al\u0131nmas\u0131n\u0131 ve i\u015flem sonras\u0131 ta\u015f\u0131nmas\u0131n\u0131 sa\u011flar.<\/p>\n<h4>\u00c7oklu Prizler<\/h4>\n<p>Kesme, yuvarlama ve \u015fekillendirme makinelerini \u00e7al\u0131\u015ft\u0131rmak i\u00e7in elektrik panosunda prizler bulunur. Bu, \u00fcretim s\u00fcre\u00e7lerini verimli bir \u015fekilde koordine etmeye yard\u0131mc\u0131 olur.<\/p>\n","protected":false},"excerpt":{"rendered":"<p>Hamur dinlendirme makinesi, hamur i\u015fleri \u00fcretimindeki \u00f6nemli bir ad\u0131mda kullan\u0131lan ve dinlendirme s\u00fcresini talebe g\u00f6re ayarlayabilen \u00f6zel bir cihazd\u0131r. Bu makine, \u00fcreticilerin ihtiya\u00e7lar\u0131na uygun olarak tasarlanabilir ve bir dizi \u00f6zellik sunar.<\/p>\n","protected":false},"featured_media":331,"comment_status":"open","ping_status":"closed","template":"","meta":{"_et_pb_use_builder":"","_et_pb_old_content":"","_et_gb_content_width":""},"product_cat":[20],"product_tag":[],"class_list":["post-330","product","type-product","status-publish","has-post-thumbnail","hentry","product_cat-hamur-isleme"],"acf":[],"_links":{"self":[{"href":"https:\/\/altinolukmakina.com\/tr\/wp-json\/wp\/v2\/product\/330","targetHints":{"allow":["GET"]}}],"collection":[{"href":"https:\/\/altinolukmakina.com\/tr\/wp-json\/wp\/v2\/product"}],"about":[{"href":"https:\/\/altinolukmakina.com\/tr\/wp-json\/wp\/v2\/types\/product"}],"replies":[{"embeddable":true,"href":"https:\/\/altinolukmakina.com\/tr\/wp-json\/wp\/v2\/comments?post=330"}],"wp:featuredmedia":[{"embeddable":true,"href":"https:\/\/altinolukmakina.com\/tr\/wp-json\/wp\/v2\/media\/331"}],"wp:attachment":[{"href":"https:\/\/altinolukmakina.com\/tr\/wp-json\/wp\/v2\/media?parent=330"}],"wp:term":[{"taxonomy":"product_cat","embeddable":true,"href":"https:\/\/altinolukmakina.com\/tr\/wp-json\/wp\/v2\/product_cat?post=330"},{"taxonomy":"product_tag","embeddable":true,"href":"https:\/\/altinolukmakina.com\/tr\/wp-json\/wp\/v2\/product_tag?post=330"}],"curies":[{"name":"wp","href":"https:\/\/api.w.org\/{rel}","templated":true}]}}