{"id":337,"date":"2023-11-18T12:28:53","date_gmt":"2023-11-18T12:28:53","guid":{"rendered":"https:\/\/altinolukmakina.com\/?post_type=product&#038;p=337"},"modified":"2023-11-18T13:05:25","modified_gmt":"2023-11-18T13:05:25","slug":"hamur-sekil-verme-makinesi","status":"publish","type":"product","link":"https:\/\/altinolukmakina.com\/tr\/product\/hamur-sekil-verme-makinesi\/","title":{"rendered":"HAMUR \u015eEK\u0130L VERME MAK\u0130NES\u0130"},"content":{"rendered":"<h4>Polyamid Merdaneler:<\/h4>\n<p>Konik yuvarlama makinesi, hamura istenilen \u015fekli verme yetene\u011fi ile \u00fcr\u00fcnlerin kusursuz g\u00f6r\u00fcnmesini sa\u011flar.<\/p>\n<h4>Merdane Ayar\u0131:<\/h4>\n<p>Merdane ayar\u0131, 0-30 mm aras\u0131nda kademesiz olarak de\u011fi\u015ftirilebilir. Bu, \u00e7e\u015fitli hamur kal\u0131nl\u0131klar\u0131 i\u00e7in esneklik sa\u011flar.<\/p>\n<h4>Yayl\u0131 S\u0131y\u0131rma Mekanizmas\u0131:<\/h4>\n<p>Merdaneler \u00fczerinde hamurun yap\u0131\u015fmamas\u0131n\u0131 sa\u011flayan yayl\u0131 s\u0131y\u0131rma mekanizmas\u0131 bulunur, bu da temiz ve d\u00fczg\u00fcn i\u015flem garantiler.<\/p>\n<h4>Dayan\u0131kl\u0131 Ta\u015f\u0131ma Band\u0131:<\/h4>\n<p>Polyesterden dokunmu\u015f ve mukavemeti artt\u0131r\u0131lm\u0131\u015f uzun \u00f6m\u00fcrl\u00fc ta\u015f\u0131ma band\u0131 sayesinde, hamura 420 mm uzunlu\u011funda \u015fekil verilebilir.<\/p>\n","protected":false},"excerpt":{"rendered":"<p>Hamur \u015fekillendirme makinesi, hamur i\u015fleri \u00fcretiminde \u00f6nemli bir rol oynayan \u00f6zel bir cihazd\u0131r. Bu makine, hamurun istenilen boyut ve kal\u0131nl\u0131kta ekmek \u015fekline d\u00f6n\u00fc\u015ft\u00fcr\u00fclmesini sa\u011flamak i\u00e7in polyamid merdanelerle \u00e7al\u0131\u015f\u0131r. Y\u00fcksek verimlilik ve hassasiyet sunan bu cihaz, bir dizi \u00f6zelli\u011fi i\u00e7inde bar\u0131nd\u0131r\u0131r.<\/p>\n","protected":false},"featured_media":339,"comment_status":"open","ping_status":"closed","template":"","meta":{"_et_pb_use_builder":"","_et_pb_old_content":"","_et_gb_content_width":""},"product_cat":[20],"product_tag":[],"class_list":["post-337","product","type-product","status-publish","has-post-thumbnail","hentry","product_cat-hamur-isleme"],"acf":[],"_links":{"self":[{"href":"https:\/\/altinolukmakina.com\/tr\/wp-json\/wp\/v2\/product\/337","targetHints":{"allow":["GET"]}}],"collection":[{"href":"https:\/\/altinolukmakina.com\/tr\/wp-json\/wp\/v2\/product"}],"about":[{"href":"https:\/\/altinolukmakina.com\/tr\/wp-json\/wp\/v2\/types\/product"}],"replies":[{"embeddable":true,"href":"https:\/\/altinolukmakina.com\/tr\/wp-json\/wp\/v2\/comments?post=337"}],"wp:featuredmedia":[{"embeddable":true,"href":"https:\/\/altinolukmakina.com\/tr\/wp-json\/wp\/v2\/media\/339"}],"wp:attachment":[{"href":"https:\/\/altinolukmakina.com\/tr\/wp-json\/wp\/v2\/media?parent=337"}],"wp:term":[{"taxonomy":"product_cat","embeddable":true,"href":"https:\/\/altinolukmakina.com\/tr\/wp-json\/wp\/v2\/product_cat?post=337"},{"taxonomy":"product_tag","embeddable":true,"href":"https:\/\/altinolukmakina.com\/tr\/wp-json\/wp\/v2\/product_tag?post=337"}],"curies":[{"name":"wp","href":"https:\/\/api.w.org\/{rel}","templated":true}]}}