{"id":343,"date":"2023-11-18T13:07:08","date_gmt":"2023-11-18T13:07:08","guid":{"rendered":"https:\/\/altinolukmakina.com\/?post_type=product&#038;p=343"},"modified":"2023-11-18T13:26:58","modified_gmt":"2023-11-18T13:26:58","slug":"otomatik-bantli-ekmek-dilimleme","status":"publish","type":"product","link":"https:\/\/altinolukmakina.com\/tr\/product\/otomatik-bantli-ekmek-dilimleme\/","title":{"rendered":"OTOMAT\u0130K BANTLI EKMEK D\u0130L\u0130MLEME"},"content":{"rendered":"","protected":false},"excerpt":{"rendered":"<p>B\u00fcy\u00fck \u00f6l\u00e7ekli i\u015fletmelerin dilimleme ve po\u015fetleme i\u015flevini kar\u015f\u0131layabilmesi i\u00e7in tasarlanm\u0131\u015ft\u0131r. Bant \u00fczerine konulan ekmekler birbirini iterek aral\u0131ks\u0131z dilimlemeyi sa\u011flar Bask\u0131 ve itici olmad\u0131\u011f\u0131ndan ekme\u011fin \u00fcst\u00fc ve arkas\u0131 deforme olmaz. Bant h\u0131z ayar\u0131 sayesinde istenilen h\u0131zda kesim yap\u0131labilir ve iki bant aras\u0131, ekme\u011fin \u015fekline, sertli\u011fine ve y\u00fcksekli\u011fine g\u00f6re otomatik ayarlanabilir. Dilimlenen ekmekleri po\u015fetleyebilmek i\u00e7in makineye po\u015fetin a\u011fz\u0131n\u0131 a\u00e7mak i\u00e7in fanl\u0131 po\u015fet \u00fcfleme aparat\u0131 tak\u0131lmaktad\u0131r ve havayla a\u00e7\u0131lan po\u015fete dilimlenen ekmek el ile itilerek po\u015fete rahatl\u0131kla konulabilir Ekmekle temas eden t\u00fcm b\u00f6lgeler g\u0131daya uygun malzemelerden imal edilmi\u015ftir. Sessiz ve titre\u015fimsiz \u00e7al\u0131\u015f\u0131r. Tekerlekleri sayesinde istenilen yere kolayca ta\u015f\u0131nabilir.H\u0131z kontrol sistemi mevcuttur. B\u0131\u00e7aklar \u00f6zel paslanmaz ve g\u0131daya uyumlu malzemeden \u00fcretilmi\u015ftir. Makina y\u00fcksek emniyet tertibat\u0131yla donat\u0131lm\u0131\u015ft\u0131r.<\/p>\n","protected":false},"featured_media":345,"comment_status":"open","ping_status":"closed","template":"","meta":{"_et_pb_use_builder":"","_et_pb_old_content":"","_et_gb_content_width":""},"product_cat":[21],"product_tag":[],"class_list":["post-343","product","type-product","status-publish","has-post-thumbnail","hentry","product_cat-yardimci-ekipmanlar"],"acf":[],"_links":{"self":[{"href":"https:\/\/altinolukmakina.com\/tr\/wp-json\/wp\/v2\/product\/343","targetHints":{"allow":["GET"]}}],"collection":[{"href":"https:\/\/altinolukmakina.com\/tr\/wp-json\/wp\/v2\/product"}],"about":[{"href":"https:\/\/altinolukmakina.com\/tr\/wp-json\/wp\/v2\/types\/product"}],"replies":[{"embeddable":true,"href":"https:\/\/altinolukmakina.com\/tr\/wp-json\/wp\/v2\/comments?post=343"}],"wp:featuredmedia":[{"embeddable":true,"href":"https:\/\/altinolukmakina.com\/tr\/wp-json\/wp\/v2\/media\/345"}],"wp:attachment":[{"href":"https:\/\/altinolukmakina.com\/tr\/wp-json\/wp\/v2\/media?parent=343"}],"wp:term":[{"taxonomy":"product_cat","embeddable":true,"href":"https:\/\/altinolukmakina.com\/tr\/wp-json\/wp\/v2\/product_cat?post=343"},{"taxonomy":"product_tag","embeddable":true,"href":"https:\/\/altinolukmakina.com\/tr\/wp-json\/wp\/v2\/product_tag?post=343"}],"curies":[{"name":"wp","href":"https:\/\/api.w.org\/{rel}","templated":true}]}}