{"id":346,"date":"2023-11-18T13:13:28","date_gmt":"2023-11-18T13:13:28","guid":{"rendered":"https:\/\/altinolukmakina.com\/?post_type=product&#038;p=346"},"modified":"2023-11-18T13:21:07","modified_gmt":"2023-11-18T13:21:07","slug":"ekmek-dilimleme","status":"publish","type":"product","link":"https:\/\/altinolukmakina.com\/tr\/product\/ekmek-dilimleme\/","title":{"rendered":"EKMEK D\u0130L\u0130MLEME"},"content":{"rendered":"","protected":false},"excerpt":{"rendered":"<p>Her ebatta ekme\u011fi e\u015fit kal\u0131nl\u0131kta dilimler. Ekme\u011fin cins ve kal\u0131nl\u0131\u011f\u0131na g\u00f6re kolay ve hassas ayar yap\u0131labilir.Ekmekle temas eden y\u00fczeyler paslanmaz \u00e7elikten \u00fcretilmi\u015ftir. Tekerlekleri sayesinde istenilen yere kolayca ta\u015f\u0131n\u0131r ve yer de\u011fi\u015ftirilebilir. Sessiz ve titre\u015fimsiz \u00e7al\u0131\u015f\u0131r. Temizli\u011fi kolay olup az yer kaplar.<\/p>\n","protected":false},"featured_media":347,"comment_status":"open","ping_status":"closed","template":"","meta":{"_et_pb_use_builder":"","_et_pb_old_content":"","_et_gb_content_width":""},"product_cat":[21],"product_tag":[],"class_list":["post-346","product","type-product","status-publish","has-post-thumbnail","hentry","product_cat-yardimci-ekipmanlar"],"acf":[],"_links":{"self":[{"href":"https:\/\/altinolukmakina.com\/tr\/wp-json\/wp\/v2\/product\/346","targetHints":{"allow":["GET"]}}],"collection":[{"href":"https:\/\/altinolukmakina.com\/tr\/wp-json\/wp\/v2\/product"}],"about":[{"href":"https:\/\/altinolukmakina.com\/tr\/wp-json\/wp\/v2\/types\/product"}],"replies":[{"embeddable":true,"href":"https:\/\/altinolukmakina.com\/tr\/wp-json\/wp\/v2\/comments?post=346"}],"wp:featuredmedia":[{"embeddable":true,"href":"https:\/\/altinolukmakina.com\/tr\/wp-json\/wp\/v2\/media\/347"}],"wp:attachment":[{"href":"https:\/\/altinolukmakina.com\/tr\/wp-json\/wp\/v2\/media?parent=346"}],"wp:term":[{"taxonomy":"product_cat","embeddable":true,"href":"https:\/\/altinolukmakina.com\/tr\/wp-json\/wp\/v2\/product_cat?post=346"},{"taxonomy":"product_tag","embeddable":true,"href":"https:\/\/altinolukmakina.com\/tr\/wp-json\/wp\/v2\/product_tag?post=346"}],"curies":[{"name":"wp","href":"https:\/\/api.w.org\/{rel}","templated":true}]}}