{"id":352,"date":"2023-11-18T13:21:31","date_gmt":"2023-11-18T13:21:31","guid":{"rendered":"https:\/\/altinolukmakina.com\/?post_type=product&#038;p=352"},"modified":"2023-11-18T13:25:57","modified_gmt":"2023-11-18T13:25:57","slug":"klima-unitesi","status":"publish","type":"product","link":"https:\/\/altinolukmakina.com\/tr\/product\/klima-unitesi\/","title":{"rendered":"KL\u0130MA \u00dcN\u0130TES\u0130"},"content":{"rendered":"<h4>Buhar \u00dcretme Sistemi<\/h4>\n<p>Klima \u00fcniteleri, \u00f6zel bir buhar \u00fcretme sistemi ile donat\u0131lm\u0131\u015ft\u0131r. Bu sistem sayesinde buhar miktar\u0131 hassas bir \u015fekilde ayarlanabilir, b\u00f6ylece ideal nem seviyeleri elde edilir.<\/p>\n<h4>Hava Kar\u0131\u015ft\u0131rma Sistemi<\/h4>\n<p>\u00dcst tarafta bulunan fan, ortamdan emilen havay\u0131 klima cihaz\u0131 taraf\u0131ndan \u00fcretilen \u0131s\u0131 ve nem ile kar\u0131\u015ft\u0131rarak maya odas\u0131na \u00fcfler. Bu, istikrarl\u0131 bir ortam sa\u011flar ve ekmek kalitesini art\u0131r\u0131r<\/p>\n","protected":false},"excerpt":{"rendered":"<p>Klima \u00fcniteleri, kaliteli ekmek \u00fcretiminin temelini olu\u015fturan uygun s\u0131cakl\u0131k ve nem seviyelerini sa\u011flayarak kritik bir rol oynar. Bu \u00fcniteler, \u00f6zel bir buhar \u00fcretme sistemi ile donat\u0131lm\u0131\u015ft\u0131r ve buhar miktar\u0131 elektronik olarak ayarlanabilir. Bu \u00f6zellikler, klima cihazlar\u0131n\u0131n dayan\u0131kl\u0131l\u0131\u011f\u0131n\u0131 ve uzun \u00f6m\u00fcrl\u00fcl\u00fc\u011f\u00fcn\u00fc art\u0131r\u0131rken, ekmek \u00fcretimini en \u00fcst d\u00fczeye \u00e7\u0131kar\u0131r.<\/p>\n","protected":false},"featured_media":355,"comment_status":"open","ping_status":"closed","template":"","meta":{"_et_pb_use_builder":"","_et_pb_old_content":"","_et_gb_content_width":""},"product_cat":[21],"product_tag":[],"class_list":["post-352","product","type-product","status-publish","has-post-thumbnail","hentry","product_cat-yardimci-ekipmanlar"],"acf":[],"_links":{"self":[{"href":"https:\/\/altinolukmakina.com\/tr\/wp-json\/wp\/v2\/product\/352","targetHints":{"allow":["GET"]}}],"collection":[{"href":"https:\/\/altinolukmakina.com\/tr\/wp-json\/wp\/v2\/product"}],"about":[{"href":"https:\/\/altinolukmakina.com\/tr\/wp-json\/wp\/v2\/types\/product"}],"replies":[{"embeddable":true,"href":"https:\/\/altinolukmakina.com\/tr\/wp-json\/wp\/v2\/comments?post=352"}],"wp:featuredmedia":[{"embeddable":true,"href":"https:\/\/altinolukmakina.com\/tr\/wp-json\/wp\/v2\/media\/355"}],"wp:attachment":[{"href":"https:\/\/altinolukmakina.com\/tr\/wp-json\/wp\/v2\/media?parent=352"}],"wp:term":[{"taxonomy":"product_cat","embeddable":true,"href":"https:\/\/altinolukmakina.com\/tr\/wp-json\/wp\/v2\/product_cat?post=352"},{"taxonomy":"product_tag","embeddable":true,"href":"https:\/\/altinolukmakina.com\/tr\/wp-json\/wp\/v2\/product_tag?post=352"}],"curies":[{"name":"wp","href":"https:\/\/api.w.org\/{rel}","templated":true}]}}