{"id":358,"date":"2023-11-18T13:27:00","date_gmt":"2023-11-18T13:27:00","guid":{"rendered":"https:\/\/altinolukmakina.com\/?post_type=product&#038;p=358"},"modified":"2023-11-18T13:31:34","modified_gmt":"2023-11-18T13:31:34","slug":"doner-firin-arabasi","status":"publish","type":"product","link":"https:\/\/altinolukmakina.com\/tr\/product\/doner-firin-arabasi\/","title":{"rendered":"D\u00d6NER FIRIN ARABASI"},"content":{"rendered":"","protected":false},"excerpt":{"rendered":"<p>&nbsp;<\/p>\n<table class=\"tableizer-table\">\n<thead>\n<tr class=\"tableizer-firstrow\">\n<th>MODEL<\/th>\n<th>TR4060<\/th>\n<th>TR6080<\/th>\n<th>TR80100<\/th>\n<\/tr>\n<\/thead>\n<tbody>\n<tr>\n<td>Tava Adedi (Adet)<\/td>\n<td>11-15<\/td>\n<td>14-16-18<\/td>\n<td>14-16-18<\/td>\n<\/tr>\n<tr>\n<td>Tava \u00d6l\u00e7\u00fcleri (mm)<\/td>\n<td>600&#215;800 &#8211; 600&#215;900<\/td>\n<td>600&#215;800 &#8211; 600&#215;900<\/td>\n<td>800&#215;1000 &#8211; 750&#215;1040<\/td>\n<\/tr>\n<tr>\n<td>\u00d6l\u00e7\u00fcleri (mm)<\/td>\n<td>650x780x1570<\/td>\n<td>650x780x1810<\/td>\n<td>850x930x1810<\/td>\n<\/tr>\n<tr>\n<td>Araba Aral\u0131\u011f\u0131 (kg)<\/td>\n<td>48-51<\/td>\n<td>52-56<\/td>\n<td>66-72<\/td>\n<\/tr>\n<\/tbody>\n<\/table>\n","protected":false},"featured_media":359,"comment_status":"open","ping_status":"closed","template":"","meta":{"_et_pb_use_builder":"","_et_pb_old_content":"","_et_gb_content_width":""},"product_cat":[21],"product_tag":[],"class_list":["post-358","product","type-product","status-publish","has-post-thumbnail","hentry","product_cat-yardimci-ekipmanlar"],"acf":[],"_links":{"self":[{"href":"https:\/\/altinolukmakina.com\/tr\/wp-json\/wp\/v2\/product\/358","targetHints":{"allow":["GET"]}}],"collection":[{"href":"https:\/\/altinolukmakina.com\/tr\/wp-json\/wp\/v2\/product"}],"about":[{"href":"https:\/\/altinolukmakina.com\/tr\/wp-json\/wp\/v2\/types\/product"}],"replies":[{"embeddable":true,"href":"https:\/\/altinolukmakina.com\/tr\/wp-json\/wp\/v2\/comments?post=358"}],"wp:featuredmedia":[{"embeddable":true,"href":"https:\/\/altinolukmakina.com\/tr\/wp-json\/wp\/v2\/media\/359"}],"wp:attachment":[{"href":"https:\/\/altinolukmakina.com\/tr\/wp-json\/wp\/v2\/media?parent=358"}],"wp:term":[{"taxonomy":"product_cat","embeddable":true,"href":"https:\/\/altinolukmakina.com\/tr\/wp-json\/wp\/v2\/product_cat?post=358"},{"taxonomy":"product_tag","embeddable":true,"href":"https:\/\/altinolukmakina.com\/tr\/wp-json\/wp\/v2\/product_tag?post=358"}],"curies":[{"name":"wp","href":"https:\/\/api.w.org\/{rel}","templated":true}]}}